{"id":23467,"date":"2021-04-08T11:02:38","date_gmt":"2021-04-08T11:02:38","guid":{"rendered":"https:\/\/resiplus.dagocreativo.com\/?page_id=23467"},"modified":"2026-02-09T12:04:45","modified_gmt":"2026-02-09T12:04:45","slug":"certificacions-innovacio","status":"publish","type":"page","link":"https:\/\/addinformatica.com\/ca\/certificacions-innovacio\/","title":{"rendered":"Certificacions \/ Innovaci\u00f3"},"content":{"rendered":"\n\n\t<section class=\"section\" id=\"section_319638522\">\n\t\t<div class=\"section-bg fill\" >\n\t\t\t\t\t\t\t\t\t\n\t\t\t\n\n\t\t<\/div>\n\n\t\t\n\n\t\t<div class=\"section-content relative\">\n\t\t\t\n\n\t<div id=\"text-4155972429\" class=\"text\">\n\t\t\n\n<h4><b>CERTIFICACIONS \/ INNOVACI\u00d3<\/b><\/h4>\n\t\t\n<style>\n#text-4155972429 {\n  text-align: center;\n  color: rgb(0,0,0);\n}\n#text-4155972429 > * {\n  color: rgb(0,0,0);\n}\n<\/style>\n\t<\/div>\n\t\n\t<div id=\"gap-1493183648\" class=\"gap-element clearfix\" style=\"display:block; height:auto;\">\n\t\t\n<style>\n#gap-1493183648 {\n  padding-top: 30px;\n}\n<\/style>\n\t<\/div>\n\t\n\n\n\t\t<\/div>\n\n\t\t\n<style>\n#section_319638522 {\n  padding-top: 30px;\n  padding-bottom: 30px;\n  background-color: rgb(235, 235, 235);\n}\n<\/style>\n\t<\/section>\n\t\n\n\t<section class=\"section\" id=\"section_476928008\">\n\t\t<div class=\"section-bg fill\" >\n\t\t\t\t\t\t\t\t\t\n\t\t\t\n\n\t\t<\/div>\n\n\t\t\n\n\t\t<div class=\"section-content relative\">\n\t\t\t\n\n<div class=\"container section-title-container integraciones-clasificador\" ><h4 class=\"section-title section-title-center\"><b aria-hidden=\"true\"><\/b><span class=\"section-title-main\" style=\"color:rgb(69, 48, 160);\">innovaci\u00f3<\/span><b aria-hidden=\"true\"><\/b><\/h4><\/div>\n\n\t<div id=\"gap-1139119696\" class=\"gap-element clearfix\" style=\"display:block; height:auto;\">\n\t\t\n<style>\n#gap-1139119696 {\n  padding-top: 50px;\n}\n<\/style>\n\t<\/div>\n\t\n\n<div class=\"row align-equal\"  id=\"row-451284665\">\n\n\n\t<div id=\"col-52198848\" class=\"col medium-4 small-12 large-4\"  >\n\t\t\t\t<div class=\"col-inner text-center\"  >\n\t\t\t\n\t\t\t\n\n\t<div class=\"img has-hover x md-x lg-x y md-y lg-y\" id=\"image_1970854891\">\n\t\t\t\t\t\t\t\t<div class=\"img-inner dark\" >\n\t\t\t<img loading=\"lazy\" decoding=\"async\" width=\"713\" height=\"915\" src=\"https:\/\/addinformatica.com\/wp-content\/uploads\/2013\/10\/LogoPymeInnovadora.png\" class=\"attachment-original size-original\" alt=\"\" srcset=\"https:\/\/addinformatica.com\/wp-content\/uploads\/2013\/10\/LogoPymeInnovadora.png 713w, https:\/\/addinformatica.com\/wp-content\/uploads\/2013\/10\/LogoPymeInnovadora-234x300.png 234w\" sizes=\"auto, (max-width: 713px) 100vw, 713px\" \/>\t\t\t\t\t\t\n\t\t\t\t\t<\/div>\n\t\t\t\t\t\t\t\t\n<style>\n#image_1970854891 {\n  width: 90%;\n}\n<\/style>\n\t<\/div>\n\t\n\n\n\t\t<\/div>\n\t\t\t\t\t<\/div>\n\n\t\n\n\t<div id=\"col-200129604\" class=\"col medium-8 small-12 large-8\"  >\n\t\t\t\t<div class=\"col-inner\"  >\n\t\t\t\n\t\t\t\n\n\t<div id=\"text-654769675\" class=\"text\">\n\t\t\n\n<h2><b>PYME Innovadora<\/b><\/h2>\n<p>Es considera que una PIME \u00e9s innovadora quan es doni alguna de les seg\u00fcents circumst\u00e0ncies:<\/p>\n<p>a) Quan hagi rebut finan\u00e7ament p\u00fablic en els darrers tres anys<\/p>\n<p>Convocat\u00f2ries p\u00fabliques en el marc de la VI Pla Nacional d&#8217;Investigaci\u00f3 Cient\u00edfica, Desenvolupament i Innovaci\u00f3 Tecnol\u00f2gica o de el Pla Estatal d&#8217;Investigaci\u00f3 Cient\u00edfica i T\u00e8cnica i d&#8217;Innovaci\u00f3.<br>Ajudes per a la realitzaci\u00f3 de projectes de R + D + I, de el Centre per al Desenvolupament Tecnol\u00f2gic Industrial.<br>Convocat\u00f2ries de l&#8217;7\u00e8 Programa Marc d&#8217;R + D + I o de el Programa Horitz\u00f3 2020, de la Uni\u00f3 Europea.<\/p>\n<p><br><b>b) Quan hagi demostrat el seu car\u00e0cter innovador, mitjan\u00e7ant la seva pr\u00f2pia activitat:<\/b><\/p>\n<p><strong>Haver obtingut, en els tres anys anteriors a l&#8217;exercici de el dret de bonificaci\u00f3, un informe motivat vinculant positiu a efectes d&#8217;aplicaci\u00f3 de la deducci\u00f3 a qu\u00e8 es refereix l&#8217;article 35 de el text ref\u00f3s de la Llei de l&#8217;Impost sobre Societats, aprovat pel Reial Decret Legislatiu 4\/2004, de 5 de mar\u00e7.<\/strong><\/p>\n<p>c) Quan hagi demostrat la seva capacitat d&#8217;innovaci\u00f3, mitjan\u00e7ant alguna de les seg\u00fcents certificacions oficials reconegudes pel Ministeri d&#8217;Economia i Competitivitat:<\/p>\n<ul>\n<li>Jove Empresa Innovadora (JEI), segons l&#8217;Especificaci\u00f3 AENOR EA0043.<\/li>\n<li>Petita o microempresa innovadora, segons l&#8217;Especificaci\u00f3 AENOR EA0047.<\/li>\n<li>Certificaci\u00f3 acord amb la norma UNE 166.002 \u00abSistemes de gesti\u00f3 de la R + D + I\u00bb.<\/li>\n<\/ul>\n\t\t\n<style>\n#text-654769675 {\n  color: rgb(0,0,0);\n}\n#text-654769675 > * {\n  color: rgb(0,0,0);\n}\n<\/style>\n\t<\/div>\n\t\n\n\t\t<\/div>\n\t\t\t\t\t<\/div>\n\n\t\n\n<\/div>\n\n\t\t<\/div>\n\n\t\t\n<style>\n#section_476928008 {\n  padding-top: 30px;\n  padding-bottom: 30px;\n  background-color: rgb(235, 235, 235);\n}\n<\/style>\n\t<\/section>\n\t\n\n\t<section class=\"section\" id=\"section_1276616285\">\n\t\t<div class=\"section-bg fill\" >\n\t\t\t\t\t\t\t\t\t\n\t\t\t\n\n\t\t<\/div>\n\n\t\t\n\n\t\t<div class=\"section-content relative\">\n\t\t\t\n\n<div class=\"container section-title-container integraciones-clasificador\" ><h4 class=\"section-title section-title-center\"><b aria-hidden=\"true\"><\/b><span class=\"section-title-main\" style=\"color:rgb(69, 48, 160);\">AJUDES<\/span><b aria-hidden=\"true\"><\/b><\/h4><\/div>\n\n\t<div id=\"gap-1083253176\" class=\"gap-element clearfix\" style=\"display:block; height:auto;\">\n\t\t\n<style>\n#gap-1083253176 {\n  padding-top: 50px;\n}\n<\/style>\n\t<\/div>\n\t\n\n<div class=\"row\"  id=\"row-840858389\">\n\n\n\t<div id=\"col-1476443807\" class=\"col medium-4 small-12 large-4\"  >\n\t\t\t\t<div class=\"col-inner text-center\"  >\n\t\t\t\n\t\t\t\n\n\t<div class=\"img has-hover x md-x lg-x y md-y lg-y\" id=\"image_990606978\">\n\t\t\t\t\t\t\t\t<div class=\"img-inner dark\" >\n\t\t\t<img loading=\"lazy\" decoding=\"async\" width=\"355\" height=\"341\" src=\"https:\/\/addinformatica.com\/wp-content\/uploads\/2025\/07\/cdti-2.jpg\" class=\"attachment-original size-original\" alt=\"\" srcset=\"https:\/\/addinformatica.com\/wp-content\/uploads\/2025\/07\/cdti-2.jpg 355w, https:\/\/addinformatica.com\/wp-content\/uploads\/2025\/07\/cdti-2-300x288.jpg 300w\" sizes=\"auto, (max-width: 355px) 100vw, 355px\" \/>\t\t\t\t\t\t\n\t\t\t\t\t<\/div>\n\t\t\t\t\t\t\t\t\n<style>\n#image_990606978 {\n  width: 90%;\n}\n<\/style>\n\t<\/div>\n\t\n\n\n\t\t<\/div>\n\t\t\t\t\t<\/div>\n\n\t\n\n\t<div id=\"col-1024342650\" class=\"col medium-8 small-12 large-8\"  >\n\t\t\t\t<div class=\"col-inner\"  >\n\t\t\t\n\t\t\t\n\n\t<div id=\"text-1642532243\" class=\"text\">\n\t\t\n\n<h2><b>Aquest projecte ha estat cofinan\u00e7at pel CDTI i el Fons Europeu de Desenvolupament Regional (FEDER)<\/b><\/h2>\n<div>\n<p>ADD Inform\u00e0tica, en el seu comprom\u00eds amb la innovaci\u00f3 tecnol\u00f2gica en l&#8217;\u00e0mbit sociosanitari, est\u00e0 desenvolupant el projecte <strong>\u201cNous Models Intel\u00b7ligents de Gesti\u00f3 Sociosanit\u00e0ria amb Tecnologia de Realitat Augmentada\u201d<\/strong>, l&#8217;objectiu del qual \u00e9s transformar l&#8217;atenci\u00f3 en centres geri\u00e0trics i de diversitat funcional mitjan\u00e7ant l&#8217;\u00fas de tecnologies avan\u00e7ades com la intel\u00b7lig\u00e8ncia artificial, els models.<\/p>\n<p>Gr\u00e0cies al suport financer del <strong>Centre per al Desenvolupament Tecnol\u00f2gic Industrial (CDTI) i del Fons Europeu de Desenvolupament Regional (FEDER)<\/strong>, aquest projecte permetr\u00e0 implementar solucions disruptives que millorin la qualitat de vida dels residents, optimitzin la gesti\u00f3 de recursos i facilitin la feina dels professionals del sector.<\/p>\n<p>Projecte desenvolupat a: Carrer d\u2019H\u00e8lsinki 52, 6 B, 46900 Torrent, Val\u00e8ncia<\/p>\n<p>Termini d&#8217;execuci\u00f3: 01\/04\/2024 \u2013 31\/03\/2026<\/p>\n<p>Pressupost total: 1.562.985,00 \u20ac<\/p>\n<p>Cofinan\u00e7ament: CDTI i FEDER<\/p>\n<p>\u00a0<\/p>\n<\/div>\n\t\t\n<style>\n#text-1642532243 {\n  color: rgb(0,0,0);\n}\n#text-1642532243 > * {\n  color: rgb(0,0,0);\n}\n<\/style>\n\t<\/div>\n\t\n\n\t\t<\/div>\n\t\t\t\t\t<\/div>\n\n\t\n\n<\/div>\n<div class=\"row\"  id=\"row-832030345\">\n\n\n\t<div id=\"col-234737187\" class=\"col medium-4 small-12 large-4\"  >\n\t\t\t\t<div class=\"col-inner text-center\"  >\n\t\t\t\n\t\t\t\n\n\t<div class=\"img has-hover x md-x lg-x y md-y lg-y\" id=\"image_82262390\">\n\t\t\t\t\t\t\t\t<div class=\"img-inner dark\" >\n\t\t\t<img loading=\"lazy\" decoding=\"async\" width=\"713\" height=\"824\" src=\"https:\/\/addinformatica.com\/wp-content\/uploads\/2025\/01\/logo-ayudas-ivace.jpg\" class=\"attachment-original size-original\" alt=\"\" srcset=\"https:\/\/addinformatica.com\/wp-content\/uploads\/2025\/01\/logo-ayudas-ivace.jpg 713w, https:\/\/addinformatica.com\/wp-content\/uploads\/2025\/01\/logo-ayudas-ivace-260x300.jpg 260w\" sizes=\"auto, (max-width: 713px) 100vw, 713px\" \/>\t\t\t\t\t\t\n\t\t\t\t\t<\/div>\n\t\t\t\t\t\t\t\t\n<style>\n#image_82262390 {\n  width: 90%;\n}\n<\/style>\n\t<\/div>\n\t\n\n\n\t\t<\/div>\n\t\t\t\t\t<\/div>\n\n\t\n\n\t<div id=\"col-1414410879\" class=\"col medium-8 small-12 large-8\"  >\n\t\t\t\t<div class=\"col-inner\"  >\n\t\t\t\n\t\t\t\n\n\t<div id=\"text-261900171\" class=\"text\">\n\t\t\n\n<h2><b>AVI (IVACE+i Innovaci\u00f3) &#8211; Consolidaci\u00f3 de la Cadena de Valor Empresarial<\/b><\/h2>\n<p>Subvenci\u00f3 atorgada: 32.978,00 \u20ac.<\/p>\n<p>T\u00edtol del projecte: Desenvolupament d&#8217; una metodologia de verificaci\u00f3 dels est\u00e0ndards d&#8217; atenci\u00f3 sociosanit\u00e0ria de persones usu\u00e0ries mitjan\u00e7ant l&#8217; \u00fas de tecnologies basades en IA amb l&#8217; objectiu d&#8217; optimitzar els processos assistencials.<br \/>\nAcr\u00f2nim: VERIF-AI<\/p>\n<p>L&#8217;objectiu principal del projecte \u00e9s el de desenvolupar una metodologia de verificaci\u00f3 dels processos assistencials en el sector sociosanitari a trav\u00e9s de l&#8217;\u00fas de tecnologies basades en intel\u00b7lig\u00e8ncia artificial (IA) amb la finalitat de millorar els est\u00e0ndards d&#8217;atenci\u00f3 de persones en situaci\u00f3 de depend\u00e8ncia.<\/p>\n<p>El resultat final esperat del projecte VERIF-AI permetr\u00e0 el seg\u00fcent:<\/p>\n<p>1. Augment de nivell de maduresa tecnol\u00f2gica en obtenir un informe de validaci\u00f3 en condicions reals controlades.<\/p>\n<p>2. Verificaci\u00f3 objectiva de tasques i processos que garanteixin el compliment d&#8217;est\u00e0ndards de qualitat exigits per la normativa per als centres sociosanitaris implicats.<\/p>\n<p>3. Adopci\u00f3 i integraci\u00f3 de noves funcionalitats de ResiPlus\u00ae relacionades amb les tasques i processos validades a VERIF-AI.<\/p>\n<p>4. Obtenci\u00f3 dinformaci\u00f3 de valor sobre els criteris dacceptabilitat del personal datenci\u00f3 directa sobre nous abordatges de latenci\u00f3 assistencial dutilitat per a possibles implementacions futures de nous m\u00e8todes dorganitzaci\u00f3 o de nous sistemes de comunicaci\u00f3 amb les fam\u00edlies.<\/p>\n\t\t\n<style>\n#text-261900171 {\n  color: rgb(0,0,0);\n}\n#text-261900171 > * {\n  color: rgb(0,0,0);\n}\n<\/style>\n\t<\/div>\n\t\n\n\t\t<\/div>\n\t\t\t\t\t<\/div>\n\n\t\n\n<\/div>\n<div class=\"row\"  id=\"row-1347471426\">\n\n\n\t<div id=\"col-814906307\" class=\"col medium-4 small-12 large-4\"  >\n\t\t\t\t<div class=\"col-inner text-center\"  >\n\t\t\t\n\t\t\t\n\n\t<div class=\"img has-hover x md-x lg-x y md-y lg-y\" id=\"image_536785928\">\n\t\t\t\t\t\t\t\t<div class=\"img-inner dark\" >\n\t\t\t<img loading=\"lazy\" decoding=\"async\" width=\"595\" height=\"419\" src=\"https:\/\/addinformatica.com\/wp-content\/uploads\/2026\/01\/moves-2025.jpg\" class=\"attachment-original size-original\" alt=\"\" srcset=\"https:\/\/addinformatica.com\/wp-content\/uploads\/2026\/01\/moves-2025.jpg 595w, https:\/\/addinformatica.com\/wp-content\/uploads\/2026\/01\/moves-2025-300x211.jpg 300w\" sizes=\"auto, (max-width: 595px) 100vw, 595px\" \/>\t\t\t\t\t\t\n\t\t\t\t\t<\/div>\n\t\t\t\t\t\t\t\t\n<style>\n#image_536785928 {\n  width: 90%;\n}\n<\/style>\n\t<\/div>\n\t\n\n\n\t\t<\/div>\n\t\t\t\t\t<\/div>\n\n\t\n\n\t<div id=\"col-1207527135\" class=\"col medium-8 small-12 large-8\"  >\n\t\t\t\t<div class=\"col-inner\"  >\n\t\t\t\n\t\t\t\n\n\t<div id=\"text-3947483137\" class=\"text\">\n\t\t\n\n<h2><b>Programa MOVES III Vehicles de la Comunitat Valenciana<\/b><\/h2>\n<p>APHELION SOLUCIONES INFORMATICAS SL) ha rebut una ajuda de (2.900\u20ac) per a (OMODA 9 SHS PREMIUM) de la Uni\u00f3 Europea amb c\u00e0rrec al Fons NextGenerationEU, en el marc del Pla de Recuperaci\u00f3, Transformaci\u00f3 i Resili\u00e8ncia, per a l&#8217;adquisici\u00f3 de vehicles el\u00e8ctrics \u201cendollables\u201d i de pila combustible (Pla MOVES III Vehicles de la Comunitat Valenciana) del Ministeri per a la Transici\u00f3 Ecol\u00f2gica i el Repte Demogr\u00e0fic a trav\u00e9s de l&#8217;IDAE, gestionat per l&#8217;Institut Valenci\u00e0 de Competitivitat Empresarial (IVACE).<\/p>\n\t\t\n<style>\n#text-3947483137 {\n  color: rgb(0,0,0);\n}\n#text-3947483137 > * {\n  color: rgb(0,0,0);\n}\n<\/style>\n\t<\/div>\n\t\n\n\t\t<\/div>\n\t\t\t\t\t<\/div>\n\n\t\n\n<\/div>\n\n\t\t<\/div>\n\n\t\t\n<style>\n#section_1276616285 {\n  padding-top: 30px;\n  padding-bottom: 30px;\n  background-color: rgb(235, 235, 235);\n}\n<\/style>\n\t<\/section>\n\t\n\n\n","protected":false},"excerpt":{"rendered":"","protected":false},"author":1,"featured_media":0,"parent":0,"menu_order":0,"comment_status":"closed","ping_status":"closed","template":"page-blank.php","meta":{"_acf_changed":false,"footnotes":""},"class_list":["post-23467","page","type-page","status-publish","hentry"],"acf":[],"yoast_head":"<!-- This site is optimized with the Yoast SEO plugin v27.5 - https:\/\/yoast.com\/product\/yoast-seo-wordpress\/ -->\n<title>Certificacions \/ Innovaci\u00f3 - ResiPlus<\/title>\n<meta name=\"robots\" content=\"index, follow, max-snippet:-1, max-image-preview:large, max-video-preview:-1\" \/>\n<link rel=\"canonical\" href=\"https:\/\/addinformatica.com\/ca\/certificacions-innovacio\/\" \/>\n<meta property=\"og:locale\" content=\"ca_ES\" \/>\n<meta property=\"og:type\" content=\"article\" \/>\n<meta property=\"og:title\" content=\"Certificacions \/ Innovaci\u00f3 - ResiPlus\" \/>\n<meta property=\"og:url\" content=\"https:\/\/addinformatica.com\/ca\/certificacions-innovacio\/\" \/>\n<meta property=\"og:site_name\" content=\"ResiPlus\" \/>\n<meta property=\"article:modified_time\" content=\"2026-02-09T12:04:45+00:00\" \/>\n<meta name=\"twitter:card\" content=\"summary_large_image\" \/>\n<meta name=\"twitter:label1\" content=\"Temps estimat de lectura\" \/>\n\t<meta name=\"twitter:data1\" content=\"4 minuts\" \/>\n<!-- \/ Yoast SEO plugin. -->","yoast_head_json":{"title":"Certificacions \/ Innovaci\u00f3 - ResiPlus","robots":{"index":"index","follow":"follow","max-snippet":"max-snippet:-1","max-image-preview":"max-image-preview:large","max-video-preview":"max-video-preview:-1"},"canonical":"https:\/\/addinformatica.com\/ca\/certificacions-innovacio\/","og_locale":"ca_ES","og_type":"article","og_title":"Certificacions \/ Innovaci\u00f3 - ResiPlus","og_url":"https:\/\/addinformatica.com\/ca\/certificacions-innovacio\/","og_site_name":"ResiPlus","article_modified_time":"2026-02-09T12:04:45+00:00","twitter_card":"summary_large_image","twitter_misc":{"Temps estimat de lectura":"4 minuts"},"schema":{"@context":"https:\/\/schema.org","@graph":[{"@type":"WebPage","@id":"https:\/\/addinformatica.com\/ca\/certificacions-innovacio\/","url":"https:\/\/addinformatica.com\/ca\/certificacions-innovacio\/","name":"Certificacions \/ Innovaci\u00f3 - ResiPlus","isPartOf":{"@id":"https:\/\/addinformatica.com\/#website"},"datePublished":"2021-04-08T11:02:38+00:00","dateModified":"2026-02-09T12:04:45+00:00","breadcrumb":{"@id":"https:\/\/addinformatica.com\/ca\/certificacions-innovacio\/#breadcrumb"},"inLanguage":"ca","potentialAction":[{"@type":"ReadAction","target":["https:\/\/addinformatica.com\/ca\/certificacions-innovacio\/"]}]},{"@type":"BreadcrumbList","@id":"https:\/\/addinformatica.com\/ca\/certificacions-innovacio\/#breadcrumb","itemListElement":[{"@type":"ListItem","position":1,"name":"Portada","item":"https:\/\/addinformatica.com\/ca\/"},{"@type":"ListItem","position":2,"name":"Certificacions \/ Innovaci\u00f3"}]},{"@type":"WebSite","@id":"https:\/\/addinformatica.com\/#website","url":"https:\/\/addinformatica.com\/","name":"ResiPlus","description":"Software de gesti\u00f3n de residencias, centros de d\u00eda y discapacitados | ResiPlus","potentialAction":[{"@type":"SearchAction","target":{"@type":"EntryPoint","urlTemplate":"https:\/\/addinformatica.com\/?s={search_term_string}"},"query-input":{"@type":"PropertyValueSpecification","valueRequired":true,"valueName":"search_term_string"}}],"inLanguage":"ca"}]}},"_links":{"self":[{"href":"https:\/\/addinformatica.com\/ca\/wp-json\/wp\/v2\/pages\/23467","targetHints":{"allow":["GET"]}}],"collection":[{"href":"https:\/\/addinformatica.com\/ca\/wp-json\/wp\/v2\/pages"}],"about":[{"href":"https:\/\/addinformatica.com\/ca\/wp-json\/wp\/v2\/types\/page"}],"author":[{"embeddable":true,"href":"https:\/\/addinformatica.com\/ca\/wp-json\/wp\/v2\/users\/1"}],"replies":[{"embeddable":true,"href":"https:\/\/addinformatica.com\/ca\/wp-json\/wp\/v2\/comments?post=23467"}],"version-history":[{"count":3,"href":"https:\/\/addinformatica.com\/ca\/wp-json\/wp\/v2\/pages\/23467\/revisions"}],"predecessor-version":[{"id":59061,"href":"https:\/\/addinformatica.com\/ca\/wp-json\/wp\/v2\/pages\/23467\/revisions\/59061"}],"wp:attachment":[{"href":"https:\/\/addinformatica.com\/ca\/wp-json\/wp\/v2\/media?parent=23467"}],"curies":[{"name":"wp","href":"https:\/\/api.w.org\/{rel}","templated":true}]}}