{"id":23374,"date":"2021-04-07T07:18:01","date_gmt":"2021-04-07T07:18:01","guid":{"rendered":"https:\/\/resiplus.dagocreativo.com\/preguntas-frecuentes\/"},"modified":"2025-01-23T15:52:17","modified_gmt":"2025-01-23T15:52:17","slug":"preguntes-frequents","status":"publish","type":"page","link":"https:\/\/addinformatica.com\/ca\/preguntes-frequents\/","title":{"rendered":"Preguntes Freq\u00fcents"},"content":{"rendered":"\n\n\t<section class=\"section banner-faq desktop\" id=\"section_2039330000\">\n\t\t<div class=\"section-bg fill\" >\n\t\t\t\t\t\t\t\t\t\n\t\t\t\n\n\t\t<\/div>\n\n\t\t\n\n\t\t<div class=\"section-content relative\">\n\t\t\t\n\n<div class=\"row\"  id=\"row-930704595\">\n\n\n\t<div id=\"col-1582279687\" class=\"col small-12 large-12 small-col-first\"  >\n\t\t\t\t<div class=\"col-inner text-center\"  >\n\t\t\t\n\t\t\t\n\n\n  <div class=\"banner has-hover\" id=\"banner-1635734584\">\n          <div class=\"banner-inner fill\">\n        <div class=\"banner-bg fill\" >\n            <img loading=\"lazy\" decoding=\"async\" width=\"1800\" height=\"373\" src=\"https:\/\/addinformatica.com\/wp-content\/uploads\/2021\/04\/back-faq.png\" class=\"bg attachment-original size-original\" alt=\"\" \/>                                    \n                    <\/div>\n\t\t\n        <div class=\"banner-layers container\">\n            <div class=\"fill banner-link\"><\/div>            \n\n   <div id=\"text-box-307532522\" class=\"text-box banner-layer x50 md-x50 lg-x50 y50 md-y50 lg-y50 res-text\">\n                                <div class=\"text-box-content text dark\">\n              \n              <div class=\"text-inner text-center\">\n                  \n\n\t<div id=\"text-2087017396\" class=\"text\">\n\t\t\n\n<h4><b>PREGUNTES FREQ\u00dcENTS<\/b><\/h4>\n\t\t\n<style>\n#text-2087017396 {\n  font-size: 0.8rem;\n  color: rgb(0, 0, 0);\n}\n#text-2087017396 > * {\n  color: rgb(0, 0, 0);\n}\n<\/style>\n\t<\/div>\n\t\n\n              <\/div>\n           <\/div>\n                            \n<style>\n#text-box-307532522 {\n  width: 60%;\n}\n#text-box-307532522 .text-box-content {\n  font-size: 100%;\n}\n<\/style>\n    <\/div>\n \n\n        <\/div>\n      <\/div>\n\n              <div class=\"height-fix is-invisible\"><img loading=\"lazy\" decoding=\"async\" width=\"1800\" height=\"373\" src=\"https:\/\/addinformatica.com\/wp-content\/uploads\/2021\/04\/back-faq.png\" class=\"attachment-original size-original\" alt=\"\" srcset=\"https:\/\/addinformatica.com\/wp-content\/uploads\/2021\/04\/back-faq.png 1800w, https:\/\/addinformatica.com\/wp-content\/uploads\/2021\/04\/back-faq-300x62.png 300w, https:\/\/addinformatica.com\/wp-content\/uploads\/2021\/04\/back-faq-1024x212.png 1024w, https:\/\/addinformatica.com\/wp-content\/uploads\/2021\/04\/back-faq-768x159.png 768w, https:\/\/addinformatica.com\/wp-content\/uploads\/2021\/04\/back-faq-1536x318.png 1536w\" sizes=\"auto, (max-width: 1800px) 100vw, 1800px\" \/><\/div>\n              <\/div>\n\n\n\n\t\t<\/div>\n\t\t\t\t\t<\/div>\n\n\t\n\n<\/div>\n\t<div id=\"gap-416972002\" class=\"gap-element clearfix\" style=\"display:block; height:auto;\">\n\t\t\n<style>\n#gap-416972002 {\n  padding-top: 20px;\n}\n<\/style>\n\t<\/div>\n\t\n\n\n\t\t<\/div>\n\n\t\t\n<style>\n#section_2039330000 {\n  padding-top: 30px;\n  padding-bottom: 30px;\n  background-color: rgb(235, 235, 235);\n}\n<\/style>\n\t<\/section>\n\t\n\n\t<section class=\"section banner-faq mobile\" id=\"section_679665675\">\n\t\t<div class=\"section-bg fill\" >\n\t\t\t\t\t\t\t\t\t\n\t\t\t\n\n\t\t<\/div>\n\n\t\t\n\n\t\t<div class=\"section-content relative\">\n\t\t\t\n\n<div class=\"row row-full-width align-center\"  id=\"row-1065871584\">\n\n\n\t<div id=\"col-1337095128\" class=\"col small-12 large-12 small-col-first\"  >\n\t\t\t\t<div class=\"col-inner text-center\"  >\n\t\t\t\n\t\t\t\n\n\n  <div class=\"banner has-hover\" id=\"banner-1498947060\">\n          <div class=\"banner-inner fill\">\n        <div class=\"banner-bg fill\" >\n            <img loading=\"lazy\" decoding=\"async\" width=\"1800\" height=\"373\" src=\"https:\/\/addinformatica.com\/wp-content\/uploads\/2021\/04\/back-faq.png\" class=\"bg attachment-original size-original\" alt=\"\" \/>                                    \n                    <\/div>\n\t\t\n        <div class=\"banner-layers container\">\n            <div class=\"fill banner-link\"><\/div>            \n\n   <div id=\"text-box-1110314945\" class=\"text-box banner-layer x50 md-x50 lg-x50 y50 md-y50 lg-y50 res-text\">\n                                <div class=\"text-box-content text dark\">\n              \n              <div class=\"text-inner text-center\">\n                  \n\n\t<div id=\"text-1298113559\" class=\"text\">\n\t\t\n\n<h4><b>PREGUNTAS FRECUENTES<\/b><\/h4>\n\t\t\n<style>\n#text-1298113559 {\n  font-size: 0.8rem;\n  color: rgb(0, 0, 0);\n}\n#text-1298113559 > * {\n  color: rgb(0, 0, 0);\n}\n<\/style>\n\t<\/div>\n\t\n\n              <\/div>\n           <\/div>\n                            \n<style>\n#text-box-1110314945 {\n  width: 60%;\n}\n#text-box-1110314945 .text-box-content {\n  font-size: 100%;\n}\n<\/style>\n    <\/div>\n \n\n        <\/div>\n      <\/div>\n\n            \n<style>\n#banner-1498947060 {\n  padding-top: 50%;\n}\n<\/style>\n  <\/div>\n\n\n\n\t\t<\/div>\n\t\t\t\t\t<\/div>\n\n\t\n\n<\/div>\n\t<div id=\"gap-2113379086\" class=\"gap-element clearfix\" style=\"display:block; height:auto;\">\n\t\t\n<style>\n#gap-2113379086 {\n  padding-top: 20px;\n}\n<\/style>\n\t<\/div>\n\t\n\n\n\t\t<\/div>\n\n\t\t\n<style>\n#section_679665675 {\n  padding-top: 30px;\n  padding-bottom: 30px;\n  background-color: rgb(235, 235, 235);\n}\n<\/style>\n\t<\/section>\n\t\n<div class=\"row accordion-row accordion-faq\"  id=\"row-608035050\">\n\n\n\t<div id=\"col-1394966980\" class=\"col small-6 large-12\"  >\n\t\t\t\t<div class=\"col-inner\"  >\n\t\t\t\n\t\t\t\n\n<div class=\"accordion accordion-video\">\n\n\t<div id=\"accordion-3664012793\" class=\"accordion-item\">\n\t\t<a id=\"accordion-3664012793-label\" class=\"accordion-title plain active\" href=\"#accordion-item-qui-som?\" aria-expanded=\"true\" aria-controls=\"accordion-3664012793-content\">\n\t\t\t<button class=\"toggle\" aria-label=\"Toggle\"><i class=\"icon-angle-down\" aria-hidden=\"true\"><\/i><\/button>\n\t\t\t<span>QUI SOM?<\/span>\n\t\t<\/a>\n\t\t<div id=\"accordion-3664012793-content\" class=\"accordion-inner\" style=\"display: block;\" aria-labelledby=\"accordion-3664012793-label\">\n\t\t\t\n\n\n\t<section class=\"section accordion-section-inner\" id=\"section_762086043\">\n\t\t<div class=\"section-bg fill\" >\n\t\t\t\t\t\t\t\t\t\n\t\t\t\n\n\t\t<\/div>\n\n\t\t\n\n\t\t<div class=\"section-content relative\">\n\t\t\t\n\n<div class=\"row row-full-width\"  id=\"row-1205774216\">\n\n\n\t<div id=\"col-1349355173\" class=\"col small-12 large-12\"  >\n\t\t\t\t<div class=\"col-inner text-center\"  >\n\t\t\t\n\t\t\t\n\n\t<div id=\"text-2743771809\" class=\"text\">\n\t\t\n\n<p>ADD Inform\u00e0tica \u00e9s una empresa especialitzada en solucions tecnol\u00f2giques per al sector de la depend\u00e8ncia. Comen\u00e7a la seva activitat el 1997 i compta actualment amb m\u00e9s de 2750 clients.<\/p>\n\n\t\t\n<style>\n#text-2743771809 {\n  text-align: left;\n  color: rgb(0,0,0);\n}\n#text-2743771809 > * {\n  color: rgb(0,0,0);\n}\n<\/style>\n\t<\/div>\n\t\n\n\t\t<\/div>\n\t\t\t\t\t<\/div>\n\n\t\n\n\n<style>\n#row-1205774216 > .col > .col-inner {\n  padding: 0px 10px 0px 0px;\n}\n<\/style>\n<\/div>\n\n\t\t<\/div>\n\n\t\t\n<style>\n#section_762086043 {\n  padding-top: 30px;\n  padding-bottom: 30px;\n  background-color: rgb(235, 235, 235);\n}\n<\/style>\n\t<\/section>\n\t\n\n\t\t<\/div>\n\t<\/div>\n\t\n\t<div id=\"accordion-1115682005\" class=\"accordion-item\">\n\t\t<a id=\"accordion-1115682005-label\" class=\"accordion-title plain\" href=\"#accordion-item-qu\u00c8-ofereix-resiplus?\" aria-expanded=\"false\" aria-controls=\"accordion-1115682005-content\">\n\t\t\t<button class=\"toggle\" aria-label=\"Toggle\"><i class=\"icon-angle-down\" aria-hidden=\"true\"><\/i><\/button>\n\t\t\t<span>QU\u00c8 OFEREIX RESIPLUS?<\/span>\n\t\t<\/a>\n\t\t<div id=\"accordion-1115682005-content\" class=\"accordion-inner\" aria-labelledby=\"accordion-1115682005-label\">\n\t\t\t\n\n\n\t<section class=\"section accordion-section-inner\" id=\"section_78422248\">\n\t\t<div class=\"section-bg fill\" >\n\t\t\t\t\t\t\t\t\t\n\t\t\t\n\n\t\t<\/div>\n\n\t\t\n\n\t\t<div class=\"section-content relative\">\n\t\t\t\n\n<div class=\"row row-full-width\"  id=\"row-1590937573\">\n\n\n\t<div id=\"col-1839211955\" class=\"col small-12 large-12\"  >\n\t\t\t\t<div class=\"col-inner text-center\"  >\n\t\t\t\n\t\t\t\n\n\t<div id=\"text-4277346131\" class=\"text\">\n\t\t\n\n<p>Solucions inform\u00e0tiques integrals per al sector de la depend\u00e8ncia. Aquestes solucions van des del registre d&#8217;auxiliars fins a la gesti\u00f3 de l&#8217;manteniment.\nResi <b>Plus<\/b><sup>\u00ae<\/sup> compta amb diverses gammes de producte: Gent Gran (Centre de dia i Centre de gent gran) i Diversitat Funcional (Habitatges tutelats, centres ocupacionals i centres de Diversitat Funcional)\n<\/p>\n\t\t\n<style>\n#text-4277346131 {\n  text-align: left;\n  color: rgb(0, 0, 0);\n}\n#text-4277346131 > * {\n  color: rgb(0, 0, 0);\n}\n<\/style>\n\t<\/div>\n\t\n\n\t\t<\/div>\n\t\t\t\t\t<\/div>\n\n\t\n\n\n<style>\n#row-1590937573 > .col > .col-inner {\n  padding: 0px 10px 0px 0px;\n}\n<\/style>\n<\/div>\n\n\t\t<\/div>\n\n\t\t\n<style>\n#section_78422248 {\n  padding-top: 30px;\n  padding-bottom: 30px;\n  background-color: rgb(235, 235, 235);\n}\n<\/style>\n\t<\/section>\n\t\n\n\t\t<\/div>\n\t<\/div>\n\t\n\t<div id=\"accordion-401001433\" class=\"accordion-item\">\n\t\t<a id=\"accordion-401001433-label\" class=\"accordion-title plain\" href=\"#accordion-item-formats-d&#039;instal\u00b7laci\u00d3\" aria-expanded=\"false\" aria-controls=\"accordion-401001433-content\">\n\t\t\t<button class=\"toggle\" aria-label=\"Toggle\"><i class=\"icon-angle-down\" aria-hidden=\"true\"><\/i><\/button>\n\t\t\t<span>FORMATS D'INSTAL\u00b7LACI\u00d3<\/span>\n\t\t<\/a>\n\t\t<div id=\"accordion-401001433-content\" class=\"accordion-inner\" aria-labelledby=\"accordion-401001433-label\">\n\t\t\t\n\n\n\t<section class=\"section accordion-section-inner\" id=\"section_767996613\">\n\t\t<div class=\"section-bg fill\" >\n\t\t\t\t\t\t\t\t\t\n\t\t\t\n\n\t\t<\/div>\n\n\t\t\n\n\t\t<div class=\"section-content relative\">\n\t\t\t\n\n<div class=\"row row-full-width\"  id=\"row-2137578364\">\n\n\n\t<div id=\"col-2077358352\" class=\"col small-12 large-12\"  >\n\t\t\t\t<div class=\"col-inner text-center\"  >\n\t\t\t\n\t\t\t\n\n\t<div id=\"text-4032676556\" class=\"text\">\n\t\t\n\n<p><b>Modalitat SaaS:<\/b> Servidors de ADD Inform\u00e0tica o <b> modalitat local:<\/b> Servidor i ordinadors de centre en xarxa per cable (WiFi no recomanat).<\/p>\n\t\t\n<style>\n#text-4032676556 {\n  text-align: left;\n  color: rgb(0, 0, 0);\n}\n#text-4032676556 > * {\n  color: rgb(0, 0, 0);\n}\n<\/style>\n\t<\/div>\n\t\n\n\t\t<\/div>\n\t\t\t\t\t<\/div>\n\n\t\n\n\n<style>\n#row-2137578364 > .col > .col-inner {\n  padding: 0px 10px 0px 0px;\n}\n<\/style>\n<\/div>\n\n\t\t<\/div>\n\n\t\t\n<style>\n#section_767996613 {\n  padding-top: 30px;\n  padding-bottom: 30px;\n  background-color: rgb(235, 235, 235);\n}\n<\/style>\n\t<\/section>\n\t\n\n\t\t<\/div>\n\t<\/div>\n\t\n\t<div id=\"accordion-1916178945\" class=\"accordion-item\">\n\t\t<a id=\"accordion-1916178945-label\" class=\"accordion-title plain\" href=\"#accordion-item-\u00bft\u00c9-perman\u00c8ncia-m\u00cdnima?\" aria-expanded=\"false\" aria-controls=\"accordion-1916178945-content\">\n\t\t\t<button class=\"toggle\" aria-label=\"Toggle\"><i class=\"icon-angle-down\" aria-hidden=\"true\"><\/i><\/button>\n\t\t\t<span>\u00bfT\u00c9 PERMAN\u00c8NCIA M\u00cdNIMA?<\/span>\n\t\t<\/a>\n\t\t<div id=\"accordion-1916178945-content\" class=\"accordion-inner\" aria-labelledby=\"accordion-1916178945-label\">\n\t\t\t\n\n\n\t<section class=\"section accordion-section-inner\" id=\"section_784914457\">\n\t\t<div class=\"section-bg fill\" >\n\t\t\t\t\t\t\t\t\t\n\t\t\t\n\n\t\t<\/div>\n\n\t\t\n\n\t\t<div class=\"section-content relative\">\n\t\t\t\n\n<div class=\"row row-full-width\"  id=\"row-1256452589\">\n\n\n\t<div id=\"col-85065165\" class=\"col small-12 large-12\"  >\n\t\t\t\t<div class=\"col-inner text-center\"  >\n\t\t\t\n\t\t\t\n\n\t<div id=\"text-599062503\" class=\"text\">\n\t\t\n\n<p>No, es paga per \u00fas. Oferim lloguer de producte sense temps m\u00ednim de perman\u00e8ncia.<\/p>\n\t\t\n<style>\n#text-599062503 {\n  text-align: left;\n  color: rgb(0, 0, 0);\n}\n#text-599062503 > * {\n  color: rgb(0, 0, 0);\n}\n<\/style>\n\t<\/div>\n\t\n\n\t\t<\/div>\n\t\t\t\t\t<\/div>\n\n\t\n\n\n<style>\n#row-1256452589 > .col > .col-inner {\n  padding: 0px 10px 0px 0px;\n}\n<\/style>\n<\/div>\n\n\t\t<\/div>\n\n\t\t\n<style>\n#section_784914457 {\n  padding-top: 30px;\n  padding-bottom: 30px;\n  background-color: rgb(235, 235, 235);\n}\n<\/style>\n\t<\/section>\n\t\n\n\t\t<\/div>\n\t<\/div>\n\t\n\t<div id=\"accordion-2291663070\" class=\"accordion-item\">\n\t\t<a id=\"accordion-2291663070-label\" class=\"accordion-title plain\" href=\"#accordion-item-qu\u00c8-inclou-la-quota-mensual?\" aria-expanded=\"false\" aria-controls=\"accordion-2291663070-content\">\n\t\t\t<button class=\"toggle\" aria-label=\"Toggle\"><i class=\"icon-angle-down\" aria-hidden=\"true\"><\/i><\/button>\n\t\t\t<span>QU\u00c8 INCLOU LA QUOTA MENSUAL?<\/span>\n\t\t<\/a>\n\t\t<div id=\"accordion-2291663070-content\" class=\"accordion-inner\" aria-labelledby=\"accordion-2291663070-label\">\n\t\t\t\n\n\n\t<section class=\"section accordion-section-inner\" id=\"section_2103213827\">\n\t\t<div class=\"section-bg fill\" >\n\t\t\t\t\t\t\t\t\t\n\t\t\t\n\n\t\t<\/div>\n\n\t\t\n\n\t\t<div class=\"section-content relative\">\n\t\t\t\n\n<div class=\"row row-full-width\"  id=\"row-1685735991\">\n\n\n\t<div id=\"col-759351871\" class=\"col small-12 large-12\"  >\n\t\t\t\t<div class=\"col-inner text-center\"  >\n\t\t\t\n\t\t\t\n\n\t<div id=\"text-1040389634\" class=\"text\">\n\t\t\n\n<p>Acc\u00e9s a Suport T\u00e8cnic, Suport Funcional, manteniment, acc\u00e9s a l&#8217;\u00e0rea formativa i actualitzacions.<\/p>\n\t\t\n<style>\n#text-1040389634 {\n  text-align: left;\n  color: rgb(0, 0, 0);\n}\n#text-1040389634 > * {\n  color: rgb(0, 0, 0);\n}\n<\/style>\n\t<\/div>\n\t\n\n\t\t<\/div>\n\t\t\t\t\t<\/div>\n\n\t\n\n\n<style>\n#row-1685735991 > .col > .col-inner {\n  padding: 0px 10px 0px 0px;\n}\n<\/style>\n<\/div>\n\n\t\t<\/div>\n\n\t\t\n<style>\n#section_2103213827 {\n  padding-top: 30px;\n  padding-bottom: 30px;\n  background-color: rgb(235, 235, 235);\n}\n<\/style>\n\t<\/section>\n\t\n\n\t\t<\/div>\n\t<\/div>\n\t\n\t<div id=\"accordion-2797490920\" class=\"accordion-item\">\n\t\t<a id=\"accordion-2797490920-label\" class=\"accordion-title plain\" href=\"#accordion-item-quin-\u00c9s-l&#039;horari-de-suport?\" aria-expanded=\"false\" aria-controls=\"accordion-2797490920-content\">\n\t\t\t<button class=\"toggle\" aria-label=\"Toggle\"><i class=\"icon-angle-down\" aria-hidden=\"true\"><\/i><\/button>\n\t\t\t<span>QUIN \u00c9S L'HORARI DE SUPORT?<\/span>\n\t\t<\/a>\n\t\t<div id=\"accordion-2797490920-content\" class=\"accordion-inner\" aria-labelledby=\"accordion-2797490920-label\">\n\t\t\t\n\n\n\t<section class=\"section accordion-section-inner\" id=\"section_617313153\">\n\t\t<div class=\"section-bg fill\" >\n\t\t\t\t\t\t\t\t\t\n\t\t\t\n\n\t\t<\/div>\n\n\t\t\n\n\t\t<div class=\"section-content relative\">\n\t\t\t\n\n<div class=\"row row-full-width\"  id=\"row-1603820869\">\n\n\n\t<div id=\"col-1362885667\" class=\"col small-12 large-12\"  >\n\t\t\t\t<div class=\"col-inner text-center\"  >\n\t\t\t\n\t\t\t\n\n\t<div id=\"text-2499259415\" class=\"text\">\n\t\t\n\n<p>L&#8217;horari varia depenent de pa\u00eds, cobrint en horari local de 8 ha 17hs, dilluns a divendres excepte festius nacionals. A Espanya l&#8217;horari s&#8217;ha ampliat donant suport des de les 8.00 a 20.00hs GMT +1 de dilluns a divendres excepte festius nacionals.\n<\/p>\n\t\t\n<style>\n#text-2499259415 {\n  text-align: left;\n  color: rgb(0, 0, 0);\n}\n#text-2499259415 > * {\n  color: rgb(0, 0, 0);\n}\n<\/style>\n\t<\/div>\n\t\n\n\t\t<\/div>\n\t\t\t\t\t<\/div>\n\n\t\n\n\n<style>\n#row-1603820869 > .col > .col-inner {\n  padding: 0px 10px 0px 0px;\n}\n<\/style>\n<\/div>\n\n\t\t<\/div>\n\n\t\t\n<style>\n#section_617313153 {\n  padding-top: 30px;\n  padding-bottom: 30px;\n  background-color: rgb(235, 235, 235);\n}\n<\/style>\n\t<\/section>\n\t\n\n\t\t<\/div>\n\t<\/div>\n\t\n\t<div id=\"accordion-3328908181\" class=\"accordion-item\">\n\t\t<a id=\"accordion-3328908181-label\" class=\"accordion-title plain\" href=\"#accordion-item-\u00bft\u00c9-costos-afegits?\" aria-expanded=\"false\" aria-controls=\"accordion-3328908181-content\">\n\t\t\t<button class=\"toggle\" aria-label=\"Toggle\"><i class=\"icon-angle-down\" aria-hidden=\"true\"><\/i><\/button>\n\t\t\t<span>\u00bfT\u00c9 COSTOS AFEGITS?<\/span>\n\t\t<\/a>\n\t\t<div id=\"accordion-3328908181-content\" class=\"accordion-inner\" aria-labelledby=\"accordion-3328908181-label\">\n\t\t\t\n\n\n\t<section class=\"section accordion-section-inner\" id=\"section_1761397388\">\n\t\t<div class=\"section-bg fill\" >\n\t\t\t\t\t\t\t\t\t\n\t\t\t\n\n\t\t<\/div>\n\n\t\t\n\n\t\t<div class=\"section-content relative\">\n\t\t\t\n\n<div class=\"row row-full-width\"  id=\"row-66705083\">\n\n\n\t<div id=\"col-1231338871\" class=\"col small-12 large-12\"  >\n\t\t\t\t<div class=\"col-inner text-center\"  >\n\t\t\t\n\t\t\t\n\n\t<div id=\"text-1262806456\" class=\"text\">\n\t\t\n\n<p>No. La instal\u00b7laci\u00f3 es realitza sense cost addicional per control remot i la formaci\u00f3 \u00e9s opcional, encara que altament recomanable.<\/p>\n\t\t\n<style>\n#text-1262806456 {\n  text-align: left;\n  color: rgb(0, 0, 0);\n}\n#text-1262806456 > * {\n  color: rgb(0, 0, 0);\n}\n<\/style>\n\t<\/div>\n\t\n\n\t\t<\/div>\n\t\t\t\t\t<\/div>\n\n\t\n\n\n<style>\n#row-66705083 > .col > .col-inner {\n  padding: 0px 10px 0px 0px;\n}\n<\/style>\n<\/div>\n\n\t\t<\/div>\n\n\t\t\n<style>\n#section_1761397388 {\n  padding-top: 30px;\n  padding-bottom: 30px;\n  background-color: rgb(235, 235, 235);\n}\n<\/style>\n\t<\/section>\n\t\n\n\t\t<\/div>\n\t<\/div>\n\t\n\n<\/div>\n\n\t\t<\/div>\n\t\t\t\t\t<\/div>\n\n\t\n\n<\/div>\n\n\t<section class=\"section\" id=\"section_1699000261\">\n\t\t<div class=\"section-bg fill\" >\n\t\t\t\t\t\t\t\t\t\n\t\t\t\n\n\t\t<\/div>\n\n\t\t\n\n\t\t<div class=\"section-content relative\">\n\t\t\t\n\n\t<div id=\"gap-1077106977\" class=\"gap-element clearfix\" style=\"display:block; height:auto;\">\n\t\t\n<style>\n#gap-1077106977 {\n  padding-top: 40px;\n}\n<\/style>\n\t<\/div>\n\t\n\n<div class=\"row align-middle soft-prefooter\"  id=\"row-1962497113\">\n\n\n\t<div id=\"col-1153629368\" class=\"col medium-6 small-12 large-6\"  >\n\t\t\t\t<div class=\"col-inner text-center\"  >\n\t\t\t\n\t\t\t\n\n\t<div id=\"text-1507954521\" class=\"text\">\n\t\t\n\n<h3><strong>\u00bfT\u00c9 ALGUN DUBTE M\u00c9S? SOL\u00b7LICITI UNA DEMO<\/strong><\/h3>\n\t\t\n<style>\n#text-1507954521 {\n  font-size: 1rem;\n  line-height: 3;\n  text-align: left;\n  color: rgb(81, 81, 175);\n}\n#text-1507954521 > * {\n  color: rgb(81, 81, 175);\n}\n<\/style>\n\t<\/div>\n\t\n\n\t\t<\/div>\n\t\t\t\t\t<\/div>\n\n\t\n\n\t<div id=\"col-32446907\" class=\"col medium-6 small-12 large-6\"  >\n\t\t\t\t<div class=\"col-inner text-right\"  >\n\t\t\t\n\t\t\t\n\n\t<div id=\"solicite-demo-ca\"\n\t     class=\"lightbox-by-id lightbox-content mfp-hide lightbox-white \"\n\t     style=\"max-width:600px ;padding:50px\">\n\t\t\n<div class=\"wpcf7 no-js\" id=\"wpcf7-f15596-o1\" lang=\"en-US\" dir=\"ltr\" data-wpcf7-id=\"15596\">\n<div class=\"screen-reader-response\"><p role=\"status\" aria-live=\"polite\" aria-atomic=\"true\"><\/p> <ul><\/ul><\/div>\n<form action=\"\/ca\/wp-json\/wp\/v2\/pages\/23374#wpcf7-f15596-o1\" method=\"post\" class=\"wpcf7-form init\" aria-label=\"Contact form\" novalidate=\"novalidate\" data-status=\"init\">\n<fieldset class=\"hidden-fields-container\"><input type=\"hidden\" name=\"_wpcf7\" value=\"15596\" \/><input type=\"hidden\" name=\"_wpcf7_version\" value=\"6.1.5\" \/><input type=\"hidden\" name=\"_wpcf7_locale\" value=\"en_US\" \/><input type=\"hidden\" name=\"_wpcf7_unit_tag\" value=\"wpcf7-f15596-o1\" \/><input type=\"hidden\" name=\"_wpcf7_container_post\" value=\"0\" \/><input type=\"hidden\" name=\"_wpcf7_posted_data_hash\" value=\"\" \/><input type=\"hidden\" name=\"_wpcf7_recaptcha_response\" value=\"\" \/>\n<\/fieldset>\n<p><span class=\"wpcf7-form-control-wrap\" data-name=\"your-name\"><input size=\"40\" maxlength=\"400\" class=\"wpcf7-form-control wpcf7-text wpcf7-validates-as-required\" aria-required=\"true\" aria-invalid=\"false\" placeholder=\"Nom\" value=\"\" type=\"text\" name=\"your-name\" \/><\/span>\n<\/p>\n<p><span class=\"wpcf7-form-control-wrap\" data-name=\"tel\"><input size=\"40\" maxlength=\"400\" class=\"wpcf7-form-control wpcf7-tel wpcf7-validates-as-required wpcf7-text wpcf7-validates-as-tel\" aria-required=\"true\" aria-invalid=\"false\" placeholder=\"Tel\u00e8fon\" value=\"\" type=\"tel\" name=\"tel\" \/><\/span>\n<\/p>\n<p><span class=\"wpcf7-form-control-wrap\" data-name=\"your-email\"><input size=\"40\" maxlength=\"400\" class=\"wpcf7-form-control wpcf7-email wpcf7-validates-as-required wpcf7-text wpcf7-validates-as-email\" aria-required=\"true\" aria-invalid=\"false\" placeholder=\"Email\" value=\"\" type=\"email\" name=\"your-email\" \/><\/span>\n<\/p>\n<p><span class=\"wpcf7-form-control-wrap\" data-name=\"acceptance-331\"><span class=\"wpcf7-form-control wpcf7-acceptance\"><span class=\"wpcf7-list-item\"><input type=\"checkbox\" name=\"acceptance-331\" value=\"1\" aria-invalid=\"false\" \/><\/span><\/span><\/span><a class=\"privacy-btn\" href=\"https:\/\/addinformatica.com\/ca\/politica-privadesa\" target=\"_blank\">Estic d'acord amb la Pol\u00edtica de Privacitat<\/a>\n<\/p>\n<p><input class=\"wpcf7-form-control wpcf7-submit has-spinner\" type=\"submit\" value=\"ENVIAR\" \/>\n<\/p>\n<p class=\"small-text\">RESPONSABLE DEL TRACTAMENT: Aphelion Soluciones Inform\u00e1ticas S.L | FINALITAT EN EL TRACTAMENT DE LES DADES: Respondre i gestionar les sol\u00b7licituds de les donem ofertes per l'organitzaci\u00f3. | LEGITIMACI\u00d3 EN EL TRACTAMENT DE LES SEVES DADES: Consentiment de l'interessat. | DRETS DELS INTERESSATS: Vost\u00e8 podr\u00e0 exercir els drets sobre protecci\u00f3 de dades per correu electr\u00f2nic a rgpd@addinformatica.com. En qualsevol cas, pot sol\u00b7licitar la tutela de l'Ag\u00e8ncia Espanyola de Protecci\u00f3 de Dades a trav\u00e9s de la seva p\u00e0gina web https:\/\/www.aepd.es\/. Pot consultar m\u00e9s informaci\u00f3 sobre la pol\u00edtica de privacitat <a href=\"https:\/\/addinformatica.com\/ca\/politica-privadesa\" target=\"_blank\"> ac\u00ed<\/a>.\n<\/p><input type='hidden' class='wpcf7-pum' value='{\"closepopup\":false,\"closedelay\":0,\"openpopup\":false,\"openpopup_id\":0}' \/><div class=\"wpcf7-response-output\" aria-hidden=\"true\"><\/div>\n<\/form>\n<\/div>\n\t<\/div>\n\t\n\t\n<a href=\"#solicite-demo-ca\" class=\"button primary\" style=\"border-radius:99px;\">\n\t\t<span>SOL\u00b7LICITI DEMO<\/span>\n\t<\/a>\n\n\n\n\t\t<\/div>\n\t\t\t\t\t<\/div>\n\n\t\n\n<\/div>\n\n\t\t<\/div>\n\n\t\t\n<style>\n#section_1699000261 {\n  padding-top: 30px;\n  padding-bottom: 30px;\n  background-color: rgb(34, 34, 34);\n}\n<\/style>\n\t<\/section>\n\t\n\n","protected":false},"excerpt":{"rendered":"","protected":false},"author":1,"featured_media":0,"parent":0,"menu_order":0,"comment_status":"closed","ping_status":"closed","template":"page-blank.php","meta":{"_acf_changed":false,"footnotes":""},"class_list":["post-23374","page","type-page","status-publish","hentry"],"acf":[],"yoast_head":"<!-- This site is optimized with the Yoast SEO plugin v27.5 - https:\/\/yoast.com\/product\/yoast-seo-wordpress\/ -->\n<title>Preguntes Freq\u00fcents - ResiPlus<\/title>\n<meta name=\"robots\" content=\"index, follow, max-snippet:-1, max-image-preview:large, max-video-preview:-1\" \/>\n<link rel=\"canonical\" href=\"https:\/\/addinformatica.com\/ca\/preguntes-frequents\/\" \/>\n<meta property=\"og:locale\" content=\"ca_ES\" \/>\n<meta property=\"og:type\" content=\"article\" \/>\n<meta property=\"og:title\" content=\"Preguntes Freq\u00fcents - ResiPlus\" \/>\n<meta property=\"og:url\" content=\"https:\/\/addinformatica.com\/ca\/preguntes-frequents\/\" \/>\n<meta property=\"og:site_name\" content=\"ResiPlus\" \/>\n<meta property=\"article:modified_time\" content=\"2025-01-23T15:52:17+00:00\" \/>\n<meta name=\"twitter:card\" content=\"summary_large_image\" \/>\n<meta name=\"twitter:label1\" content=\"Temps estimat de lectura\" \/>\n\t<meta name=\"twitter:data1\" content=\"3 minuts\" \/>\n<!-- \/ Yoast SEO plugin. -->","yoast_head_json":{"title":"Preguntes Freq\u00fcents - ResiPlus","robots":{"index":"index","follow":"follow","max-snippet":"max-snippet:-1","max-image-preview":"max-image-preview:large","max-video-preview":"max-video-preview:-1"},"canonical":"https:\/\/addinformatica.com\/ca\/preguntes-frequents\/","og_locale":"ca_ES","og_type":"article","og_title":"Preguntes Freq\u00fcents - ResiPlus","og_url":"https:\/\/addinformatica.com\/ca\/preguntes-frequents\/","og_site_name":"ResiPlus","article_modified_time":"2025-01-23T15:52:17+00:00","twitter_card":"summary_large_image","twitter_misc":{"Temps estimat de lectura":"3 minuts"},"schema":{"@context":"https:\/\/schema.org","@graph":[{"@type":"WebPage","@id":"https:\/\/addinformatica.com\/ca\/preguntes-frequents\/","url":"https:\/\/addinformatica.com\/ca\/preguntes-frequents\/","name":"Preguntes Freq\u00fcents - ResiPlus","isPartOf":{"@id":"https:\/\/addinformatica.com\/#website"},"datePublished":"2021-04-07T07:18:01+00:00","dateModified":"2025-01-23T15:52:17+00:00","breadcrumb":{"@id":"https:\/\/addinformatica.com\/ca\/preguntes-frequents\/#breadcrumb"},"inLanguage":"ca","potentialAction":[{"@type":"ReadAction","target":["https:\/\/addinformatica.com\/ca\/preguntes-frequents\/"]}]},{"@type":"BreadcrumbList","@id":"https:\/\/addinformatica.com\/ca\/preguntes-frequents\/#breadcrumb","itemListElement":[{"@type":"ListItem","position":1,"name":"Portada","item":"https:\/\/addinformatica.com\/ca\/"},{"@type":"ListItem","position":2,"name":"Preguntes Freq\u00fcents"}]},{"@type":"WebSite","@id":"https:\/\/addinformatica.com\/#website","url":"https:\/\/addinformatica.com\/","name":"ResiPlus","description":"Software de gesti\u00f3n de residencias, centros de d\u00eda y discapacitados | ResiPlus","potentialAction":[{"@type":"SearchAction","target":{"@type":"EntryPoint","urlTemplate":"https:\/\/addinformatica.com\/?s={search_term_string}"},"query-input":{"@type":"PropertyValueSpecification","valueRequired":true,"valueName":"search_term_string"}}],"inLanguage":"ca"}]}},"_links":{"self":[{"href":"https:\/\/addinformatica.com\/ca\/wp-json\/wp\/v2\/pages\/23374","targetHints":{"allow":["GET"]}}],"collection":[{"href":"https:\/\/addinformatica.com\/ca\/wp-json\/wp\/v2\/pages"}],"about":[{"href":"https:\/\/addinformatica.com\/ca\/wp-json\/wp\/v2\/types\/page"}],"author":[{"embeddable":true,"href":"https:\/\/addinformatica.com\/ca\/wp-json\/wp\/v2\/users\/1"}],"replies":[{"embeddable":true,"href":"https:\/\/addinformatica.com\/ca\/wp-json\/wp\/v2\/comments?post=23374"}],"version-history":[{"count":0,"href":"https:\/\/addinformatica.com\/ca\/wp-json\/wp\/v2\/pages\/23374\/revisions"}],"wp:attachment":[{"href":"https:\/\/addinformatica.com\/ca\/wp-json\/wp\/v2\/media?parent=23374"}],"curies":[{"name":"wp","href":"https:\/\/api.w.org\/{rel}","templated":true}]}}