{"id":20692,"date":"2015-08-27T16:37:34","date_gmt":"2015-08-27T16:37:34","guid":{"rendered":"https:\/\/resiplus.dagocreativo.com\/avis-legal\/"},"modified":"2021-09-21T08:12:43","modified_gmt":"2021-09-21T08:12:43","slug":"avis-legal","status":"publish","type":"page","link":"https:\/\/addinformatica.com\/ca\/avis-legal\/","title":{"rendered":"Av\u00eds Legal"},"content":{"rendered":"\n<h2>Sobre APHELION SOLUCIONES INFORM\u00c1TICAS, S.L.<\/h2>\n<b>APHELION SOLUCIONES INFORM\u00c1TICAS, S.L.<\/b> \u00e9s una empresa de desenvolupament de software \u00edntegrament especialitzada en la geriatria, sent el seu objectiu proporcionar una eina de gesti\u00f3 efica\u00e7 i moderna al mercat de la geriatria.\n\n<b>ResiPlus<\/b> i <b>ADD Inform\u00e0tica\u00ae<\/b> \u00ae s\u00f3n marques comercials registrades per <b>APHELION SOLUCIONES INFORM\u00c1TICAS, S.L.<\/b>\n\nD\u2019acord amb l\u2019article 10 de la Llei 34\/2002, de 11 de juliol, de Serveis de la Societat de la Informaci\u00f3 i Comer\u00e7 Electr\u00f2nic, posem en el seu coneixement que <b>APHELION SOLUCIONES INFORM\u00c1TICAS, S.L.<\/b> . amb C.I.F. B97285720 i domiciliada en el C\/ Helsinki 52, 6B Entres\u00f2ls 1, 2 i 4 &#8211; Parc Central 46900 Torrent-Val\u00e8ncia-Espanya  \u00e9s titular del Lloc Web&nbsp;<a href=\"http:\/\/www.addaphelion.com\/\">www.addaphelion.com<\/a>\n\n<b>APHELION SOLUCIONES INFORM\u00c1TICAS, S.L.<\/b> est\u00e0 inscrita en el Registre Mercantil de Val\u00e8ncia en el tom 7370, Llibre 4671, Foli 189, Secci\u00f3 8, Fulla V 87481\n\nSi vol contactar amb nosaltres pot fer-lo mitjan\u00e7ant correu postal, en l\u2019adre\u00e7a dalt indicada, en el tel\u00e8fon 96 158 81 33 o b\u00e9 a trav\u00e9s del correu electr\u00f3nic comercial&nbsp;<a href=\"mailto:comercial@addinformatica.com\">comercial@addinformatica.com<\/a>\n<h2>Propietat intel\u2022lectual i industrial.<\/h2>\nTot el contingut exposat al p\u00fablic en la p\u00e0gina web de ResiPlus, textos i material gr\u00e0fic s\u00f3n propietat de <b>APHELION SOLUCIONES INFORM\u00c1TICAS, S.L.<\/b>, queda totalment prohibit la, reproducci\u00f3 parcial o total d\u2019aquest portal.\n\nIgualment l\u2019estructura, disseny i forma de presentaci\u00f3 dels elements [incloent a t\u00edtol enunciatiu i no limitatiu, gr\u00e0fics, imatges, \u00e0udio, fitxers, logotips, combinacions de colors, bases de dades, i qualsevol element susceptible de protecci\u00f3] estan protegits per drets de propietat intel\u2022lectual, titularitat de <b>APHELION SOLUCIONES INFORM\u00c1TICAS<\/b>.\n\nEls continguts explicatius del producte, exposats amb fins comercials en la p\u00e0gina Web tals com dossiers, DEMOS, documents, contingut multim\u00e8dia i material comercial que es pot descarregar pel visitant a la p\u00e0gina Web t\u00e9 limitat el seu \u00fas i la funci\u00f3 del qual \u00e9s informar sobre el producte a la persona o resid\u00e8ncia en particular s\u00f3n propietat de <b>APHELION SOLUCIONES INFORM\u00c1TICAS<\/b>, quedant prohibida la seva reproducci\u00f3, transformaci\u00f3, distribuci\u00f3 i comunicaci\u00f3 publica a tercers.\n\nLa c\u00f2pia de textos, videos, tutorials i tot el material formatiu que pot ser accedit a trav\u00e9s de l\u2019\u00e0rea privada de clients del portal est\u00e0 prohibida amb fins divulgatius a terceres parts, queda limitat el seu \u00fas a fins formatius i educatius pel client en particular quedant prohibida la seva reproducci\u00f3, transformaci\u00f3, distribuci\u00f3 i comunicaci\u00f3 publica a tercers.\n\nIgualment, est\u00e0 prohibida l\u2019utilitzaci\u00f3, en cap concepte, dels signes distintius [marques i\/o noms comercials] la propietat industrial dels quals \u00e9s titularitat de <b>APHELION SOLUCIONES INFORM\u00c1TICAS, S.L.<\/b> o els seus col\u2022laboradors.\n<h2>Responsabilitat<\/h2>\n<b>APHELION SOLUCIONES INFORM\u00c1TICAS, S.L.<\/b> ha elaborat aquest Lloc Web amb informaci\u00f3 procedent de fonts internes i externes i ho oferix en el seu estat actual als Usuaris, podent contindre imprecisions o errates.\n\n<b>APHELION SOLUCIONES INFORM\u00c1TICAS, S.L.<\/b> no garanteix la disponibilitat i continu\u00eftat del funcionament del Lloc Web i dels productes, serveis o continguts oferts en el mateix, ni que el contingut existent en el seu Lloc Web no contingui errors o no es trobi actualitzat, quedant exonerada de tota responsabilitat pels danys i perjudicis de qualsevol naturalesa que puguin originar-se per tals circumst\u00e0ncies. <b>APHELION SOLUCIONES INFORM\u00c1TICAS, S.L.<\/b>portar\u00e0 a terme, sempre que no concorrin circumst\u00e0ncies que ho facin impossible o de dif\u00edcil execuci\u00f3 i tan aviat tingui not\u00edcies dels errors, desconnexions o falta d\u2019actualitzaci\u00f3 dels continguts, totes aquelles labors tendents a resoldre els errors, restablir la comunicaci\u00f3 i actualitzar els referits continguts.\n\nAix\u00ed mateix, <b>APHELION SOLUCIONES INFORM\u00c1TICAS, S.L.<\/b> no garanteix la fiabilitat t\u00e8cnica del seu Lloc Web ni l\u2019acc\u00e9s a les seves diferents p\u00e0gines, ni la fiabilitat dels continguts proporcionats per tercers a trav\u00e9s del seu Lloc Web, quedant de la mateixa forma exonerada de tota responsabilitat pels danys i perjudicis de qualsevol naturalesa que puguin originar-se per la falta de certesa, veracitat, disponibilitat, continu\u00eftat, licitud, actualitzaci\u00f3 i naturalesa de tals continguts.\n\n<b>APHELION SOLUCIONES INFORM\u00c1TICAS, S.L.<\/b> manifesta i garanteix que el seu Lloc Web disposa de la tecnologia (software y hardware) necess\u00e0ria a la data, per a l\u2019acc\u00e9s i\/o utilitzaci\u00f3 del mateix. No obstant aix\u00f2, <b>APHELION SOLUCIONES INFORM\u00c1TICAS, S.L.<\/b> no garanteix l\u2019eventual exist\u00e8ncia de virus o altres elements tecnol\u00f2gics nocius en el Lloc Web que puguin produir alteracions en els sistemes inform\u00e0tics de l\u2019Usuari introdu\u00efts per qualsevol mitj\u00e0 per tercers. Igualment, <b>APHELION SOLUCIONES INFORM\u00c1TICAS, S.L.<\/b> manifesta que el present Lloc Web conta amb sistemes de seguretat adequats en funci\u00f3 de la tecnologia actual.\n\nAix\u00ed mateix, <b>APHELION SOLUCIONES INFORM\u00c1TICAS, S.L.<\/b> no es fa responsable dels possibles errors o defici\u00e8ncies de seguretat que poguessin produir-se per l\u2019utilitzaci\u00f3 per part de l\u2019Usuari d\u2019un navegador d\u2019una versi\u00f3 no actualitzada o insegura, aix\u00ed com per l\u2019activaci\u00f3 dels dispositius de conservaci\u00f3 de claus o codis d\u2019identificaci\u00f3 de l\u2019Usuari en el navegador o dels danys, errors o inexactituds que poguessin derivar-se del mal funcionament del mateix.\n\n<b>APHELION SOLUCIONES INFORM\u00c1TICAS, S.L.<\/b> no es fa responsable de qualsevol conseq\u00fc\u00e8ncia a causa de mal \u00fas de la \u2019DEMO\u2019 operativa ni de qualsevol problema en el seu ordinador sorgit despr\u00e9s de l\u2019instal\u2022laci\u00f3 de la \u2018DEMO\u2019 operativa, tampoc es fa responsable dels problemes sorgits deguts a elements externs que poguessin interferir en el bon funcionament del seu ordinador ni del programa RESIPLUS com virus, troyanos, programacions malintencionades, subrutinas programades malintencionadament o la lentitud en equips no potents que no compleixin amb els requisits de hardware recomanats.\n\nSi qualsevol Usuari consider\u00e9s que el contingut del Lloc Web de <b>APHELION SOLUCIONES INFORM\u00c1TICAS, S.L.<\/b> \u00e9s il\u2022l\u00edcit o lesiona b\u00e9ns o drets de l\u2019Usuari o d\u2019un tercer haur\u00e0 d\u2019informar d\u2019aix\u00f2 a <b>APHELION SOLUCIONES INFORM\u00c1TICAS<\/b> mitjan\u00e7ant remissi\u00f3 de correu electr\u00f2nic a <a href=\"mailto:comercial@addinformatica.com\">comercial@addinformatica.com<\/a>\n","protected":false},"excerpt":{"rendered":"<p>Sobre APHELION SOLUCIONES INFORM\u00c1TICAS, S.L. APHELION SOLUCIONES INFORM\u00c1TICAS, S.L. \u00e9s una empresa de desenvolupament de software \u00edntegrament especialitzada en la geriatria, sent el seu objectiu proporcionar una eina de gesti\u00f3 efica\u00e7 i moderna al mercat de la geriatria. ResiPlus i ADD Inform\u00e0tica\u00ae \u00ae s\u00f3n marques comercials registrades per APHELION SOLUCIONES INFORM\u00c1TICAS, S.L. D\u2019acord amb l\u2019article [&#8230;]\n","protected":false},"author":1,"featured_media":0,"parent":0,"menu_order":0,"comment_status":"closed","ping_status":"closed","template":"","meta":{"_acf_changed":false,"footnotes":""},"class_list":["post-20692","page","type-page","status-publish","hentry"],"acf":[],"yoast_head":"<!-- This site is optimized with the Yoast SEO plugin v27.4 - https:\/\/yoast.com\/product\/yoast-seo-wordpress\/ -->\n<title>Av\u00eds Legal - ResiPlus<\/title>\n<meta name=\"robots\" content=\"index, follow, max-snippet:-1, max-image-preview:large, max-video-preview:-1\" \/>\n<link rel=\"canonical\" href=\"https:\/\/addinformatica.com\/ca\/avis-legal\/\" \/>\n<meta property=\"og:locale\" content=\"ca_ES\" \/>\n<meta property=\"og:type\" content=\"article\" \/>\n<meta property=\"og:title\" content=\"Av\u00eds Legal - ResiPlus\" \/>\n<meta property=\"og:description\" content=\"Sobre APHELION SOLUCIONES INFORM\u00c1TICAS, S.L. APHELION SOLUCIONES INFORM\u00c1TICAS, S.L. \u00e9s una empresa de desenvolupament de software \u00edntegrament especialitzada en la geriatria, sent el seu objectiu proporcionar una eina de gesti\u00f3 efica\u00e7 i moderna al mercat de la geriatria. ResiPlus i ADD Inform\u00e0tica\u00ae \u00ae s\u00f3n marques comercials registrades per APHELION SOLUCIONES INFORM\u00c1TICAS, S.L. D\u2019acord amb l\u2019article [...]\" \/>\n<meta property=\"og:url\" content=\"https:\/\/addinformatica.com\/ca\/avis-legal\/\" \/>\n<meta property=\"og:site_name\" content=\"ResiPlus\" \/>\n<meta property=\"article:modified_time\" content=\"2021-09-21T08:12:43+00:00\" \/>\n<meta name=\"twitter:card\" content=\"summary_large_image\" \/>\n<meta name=\"twitter:label1\" content=\"Temps estimat de lectura\" \/>\n\t<meta name=\"twitter:data1\" content=\"4 minuts\" \/>\n<script type=\"application\/ld+json\" class=\"yoast-schema-graph\">{\"@context\":\"https:\\\/\\\/schema.org\",\"@graph\":[{\"@type\":\"WebPage\",\"@id\":\"https:\\\/\\\/addinformatica.com\\\/ca\\\/avis-legal\\\/\",\"url\":\"https:\\\/\\\/addinformatica.com\\\/ca\\\/avis-legal\\\/\",\"name\":\"Av\u00eds Legal - ResiPlus\",\"isPartOf\":{\"@id\":\"https:\\\/\\\/addinformatica.com\\\/#website\"},\"datePublished\":\"2015-08-27T16:37:34+00:00\",\"dateModified\":\"2021-09-21T08:12:43+00:00\",\"breadcrumb\":{\"@id\":\"https:\\\/\\\/addinformatica.com\\\/ca\\\/avis-legal\\\/#breadcrumb\"},\"inLanguage\":\"ca\",\"potentialAction\":[{\"@type\":\"ReadAction\",\"target\":[\"https:\\\/\\\/addinformatica.com\\\/ca\\\/avis-legal\\\/\"]}]},{\"@type\":\"BreadcrumbList\",\"@id\":\"https:\\\/\\\/addinformatica.com\\\/ca\\\/avis-legal\\\/#breadcrumb\",\"itemListElement\":[{\"@type\":\"ListItem\",\"position\":1,\"name\":\"Portada\",\"item\":\"https:\\\/\\\/addinformatica.com\\\/ca\\\/\"},{\"@type\":\"ListItem\",\"position\":2,\"name\":\"Av\u00eds Legal\"}]},{\"@type\":\"WebSite\",\"@id\":\"https:\\\/\\\/addinformatica.com\\\/#website\",\"url\":\"https:\\\/\\\/addinformatica.com\\\/\",\"name\":\"ResiPlus\",\"description\":\"Software de gesti\u00f3n de residencias, centros de d\u00eda y discapacitados | ResiPlus\",\"potentialAction\":[{\"@type\":\"SearchAction\",\"target\":{\"@type\":\"EntryPoint\",\"urlTemplate\":\"https:\\\/\\\/addinformatica.com\\\/?s={search_term_string}\"},\"query-input\":{\"@type\":\"PropertyValueSpecification\",\"valueRequired\":true,\"valueName\":\"search_term_string\"}}],\"inLanguage\":\"ca\"}]}<\/script>\n<!-- \/ Yoast SEO plugin. -->","yoast_head_json":{"title":"Av\u00eds Legal - ResiPlus","robots":{"index":"index","follow":"follow","max-snippet":"max-snippet:-1","max-image-preview":"max-image-preview:large","max-video-preview":"max-video-preview:-1"},"canonical":"https:\/\/addinformatica.com\/ca\/avis-legal\/","og_locale":"ca_ES","og_type":"article","og_title":"Av\u00eds Legal - ResiPlus","og_description":"Sobre APHELION SOLUCIONES INFORM\u00c1TICAS, S.L. APHELION SOLUCIONES INFORM\u00c1TICAS, S.L. \u00e9s una empresa de desenvolupament de software \u00edntegrament especialitzada en la geriatria, sent el seu objectiu proporcionar una eina de gesti\u00f3 efica\u00e7 i moderna al mercat de la geriatria. ResiPlus i ADD Inform\u00e0tica\u00ae \u00ae s\u00f3n marques comercials registrades per APHELION SOLUCIONES INFORM\u00c1TICAS, S.L. D\u2019acord amb l\u2019article [...]","og_url":"https:\/\/addinformatica.com\/ca\/avis-legal\/","og_site_name":"ResiPlus","article_modified_time":"2021-09-21T08:12:43+00:00","twitter_card":"summary_large_image","twitter_misc":{"Temps estimat de lectura":"4 minuts"},"schema":{"@context":"https:\/\/schema.org","@graph":[{"@type":"WebPage","@id":"https:\/\/addinformatica.com\/ca\/avis-legal\/","url":"https:\/\/addinformatica.com\/ca\/avis-legal\/","name":"Av\u00eds Legal - ResiPlus","isPartOf":{"@id":"https:\/\/addinformatica.com\/#website"},"datePublished":"2015-08-27T16:37:34+00:00","dateModified":"2021-09-21T08:12:43+00:00","breadcrumb":{"@id":"https:\/\/addinformatica.com\/ca\/avis-legal\/#breadcrumb"},"inLanguage":"ca","potentialAction":[{"@type":"ReadAction","target":["https:\/\/addinformatica.com\/ca\/avis-legal\/"]}]},{"@type":"BreadcrumbList","@id":"https:\/\/addinformatica.com\/ca\/avis-legal\/#breadcrumb","itemListElement":[{"@type":"ListItem","position":1,"name":"Portada","item":"https:\/\/addinformatica.com\/ca\/"},{"@type":"ListItem","position":2,"name":"Av\u00eds Legal"}]},{"@type":"WebSite","@id":"https:\/\/addinformatica.com\/#website","url":"https:\/\/addinformatica.com\/","name":"ResiPlus","description":"Software de gesti\u00f3n de residencias, centros de d\u00eda y discapacitados | ResiPlus","potentialAction":[{"@type":"SearchAction","target":{"@type":"EntryPoint","urlTemplate":"https:\/\/addinformatica.com\/?s={search_term_string}"},"query-input":{"@type":"PropertyValueSpecification","valueRequired":true,"valueName":"search_term_string"}}],"inLanguage":"ca"}]}},"_links":{"self":[{"href":"https:\/\/addinformatica.com\/ca\/wp-json\/wp\/v2\/pages\/20692","targetHints":{"allow":["GET"]}}],"collection":[{"href":"https:\/\/addinformatica.com\/ca\/wp-json\/wp\/v2\/pages"}],"about":[{"href":"https:\/\/addinformatica.com\/ca\/wp-json\/wp\/v2\/types\/page"}],"author":[{"embeddable":true,"href":"https:\/\/addinformatica.com\/ca\/wp-json\/wp\/v2\/users\/1"}],"replies":[{"embeddable":true,"href":"https:\/\/addinformatica.com\/ca\/wp-json\/wp\/v2\/comments?post=20692"}],"version-history":[{"count":0,"href":"https:\/\/addinformatica.com\/ca\/wp-json\/wp\/v2\/pages\/20692\/revisions"}],"wp:attachment":[{"href":"https:\/\/addinformatica.com\/ca\/wp-json\/wp\/v2\/media?parent=20692"}],"curies":[{"name":"wp","href":"https:\/\/api.w.org\/{rel}","templated":true}]}}