{"id":20690,"date":"2014-08-08T12:04:35","date_gmt":"2014-08-08T12:04:35","guid":{"rendered":"https:\/\/resiplus.dagocreativo.com\/complements\/"},"modified":"2025-10-03T08:35:07","modified_gmt":"2025-10-03T08:35:07","slug":"complements","status":"publish","type":"page","link":"https:\/\/addinformatica.com\/ca\/complements\/","title":{"rendered":"Complements"},"content":{"rendered":"\n\n\t<section class=\"section complementos-banner has-mask mask-arrow\" id=\"section_1106044466\">\n\t\t<div class=\"section-bg fill\" >\n\t\t\t\t\t\t\t\t\t\n\t\t\t\n\n\t\t<\/div>\n\n\t\t\n\n\t\t<div class=\"section-content relative\">\n\t\t\t\n\n\t<div id=\"text-2118882877\" class=\"text\">\n\t\t\n\n<h4><b>COMPLEMENTS<\/b><\/h4>\n\t\t\n<style>\n#text-2118882877 {\n  line-height: 3;\n  text-align: center;\n  color: rgb(0,0,0);\n}\n#text-2118882877 > * {\n  color: rgb(0,0,0);\n}\n<\/style>\n\t<\/div>\n\t\n\t<div id=\"gap-1810393379\" class=\"gap-element clearfix\" style=\"display:block; height:auto;\">\n\t\t\n<style>\n#gap-1810393379 {\n  padding-top: 20px;\n}\n<\/style>\n\t<\/div>\n\t\n\n\n<div class=\"row row-large align-middle align-center\"  id=\"row-906055412\">\n\n\n\t<div id=\"col-1151274954\" class=\"col medium-6 small-12 large-6\"  >\n\t\t\t\t<div class=\"col-inner\"  >\n\t\t\t\n\t\t\t\n\n\t<div class=\"img has-hover logo x md-x lg-x y md-y lg-y\" id=\"image_921424208\">\n\t\t\t\t\t\t\t\t<div class=\"img-inner dark\" >\n\t\t\t<img loading=\"lazy\" decoding=\"async\" width=\"650\" height=\"260\" src=\"https:\/\/addinformatica.com\/wp-content\/uploads\/2021\/03\/logo-resiplus-tactil-2.png\" class=\"attachment-original size-original\" alt=\"\" srcset=\"https:\/\/addinformatica.com\/wp-content\/uploads\/2021\/03\/logo-resiplus-tactil-2.png 650w, https:\/\/addinformatica.com\/wp-content\/uploads\/2021\/03\/logo-resiplus-tactil-2-300x120.png 300w\" sizes=\"auto, (max-width: 650px) 100vw, 650px\" \/>\t\t\t\t\t\t\n\t\t\t\t\t<\/div>\n\t\t\t\t\t\t\t\t\n<style>\n#image_921424208 {\n  width: 30%;\n}\n<\/style>\n\t<\/div>\n\t\n\n\t<div id=\"text-1772115304\" class=\"text\">\n\t\t\n\n<p>Resi<b>Plus<\/b><sup>\u00ae<\/sup> T\u00e0ctil s&#8217;adre\u00e7a principalment a el personal auxiliar de centre. Aquests podran treballar amb una interf\u00edcie basada en imatges de manera que el seu \u00fas requereix escassos coneixements inform\u00e0tics. S&#8217;implementa aix\u00ed, un exigent i rigor\u00f3s control sobre les cures realitzades a l&#8217;resident, de forma \u00e0gil i intu\u00eftiva.<\/p>\n\t\t\n<style>\n#text-1772115304 {\n  color: rgb(0,0,0);\n}\n#text-1772115304 > * {\n  color: rgb(0,0,0);\n}\n<\/style>\n\t<\/div>\n\t\n<a href=\"https:\/\/addinformatica.com\/ca\/resiplus-touchscreen\/\" class=\"button primary btn-hoverblacktransparent\" style=\"border-radius:99px;\">\n\t\t<span>saber m\u00e9s<\/span>\n\t<\/a>\n\n\n\n\t\t<\/div>\n\t\t\t\t\t<\/div>\n\n\t\n\n\t<div id=\"col-953315009\" class=\"col medium-6 small-12 large-6 small-col-first\"  >\n\t\t\t\t<div class=\"col-inner text-center\"  >\n\t\t\t\n\t\t\t\n\n\t<div class=\"img has-hover x md-x lg-x y md-y lg-y\" id=\"image_857043763\">\n\t\t\t\t\t\t\t\t<div class=\"img-inner dark\" >\n\t\t\t<img loading=\"lazy\" decoding=\"async\" width=\"900\" height=\"839\" src=\"https:\/\/addinformatica.com\/wp-content\/uploads\/2021\/03\/tactil2-2.png\" class=\"attachment-original size-original\" alt=\"\" srcset=\"https:\/\/addinformatica.com\/wp-content\/uploads\/2021\/03\/tactil2-2.png 900w, https:\/\/addinformatica.com\/wp-content\/uploads\/2021\/03\/tactil2-2-300x280.png 300w, https:\/\/addinformatica.com\/wp-content\/uploads\/2021\/03\/tactil2-2-768x716.png 768w\" sizes=\"auto, (max-width: 900px) 100vw, 900px\" \/>\t\t\t\t\t\t\n\t\t\t\t\t<\/div>\n\t\t\t\t\t\t\t\t\n<style>\n#image_857043763 {\n  width: 90%;\n}\n<\/style>\n\t<\/div>\n\t\n\n\n\t\t<\/div>\n\t\t\t\t\t<\/div>\n\n\t\n\n<\/div>\n\t<div id=\"gap-733379249\" class=\"gap-element clearfix\" style=\"display:block; height:auto;\">\n\t\t\n<style>\n#gap-733379249 {\n  padding-top: 30px;\n}\n<\/style>\n\t<\/div>\n\t\n\n\n\t\t<\/div>\n\n\t\t\n<style>\n#section_1106044466 {\n  padding-top: 30px;\n  padding-bottom: 30px;\n  background-color: rgb(235, 235, 235);\n}\n<\/style>\n\t<\/section>\n\t\n\n\t<section class=\"section complementos-banner has-mask mask-arrow\" id=\"section_1895903661\">\n\t\t<div class=\"section-bg fill\" >\n\t\t\t\t\t\t\t\t\t\n\t\t\t\n\n\t\t<\/div>\n\n\t\t\n\n\t\t<div class=\"section-content relative\">\n\t\t\t\n\n\t<div id=\"gap-1282923904\" class=\"gap-element clearfix\" style=\"display:block; height:auto;\">\n\t\t\n<style>\n#gap-1282923904 {\n  padding-top: 20px;\n}\n<\/style>\n\t<\/div>\n\t\n\n<div class=\"row row-large row-full-width align-middle align-center\"  id=\"row-1891444098\">\n\n\n\t<div id=\"col-769797289\" class=\"col medium-6 small-12 large-6\"  >\n\t\t\t\t<div class=\"col-inner text-center\"  >\n\t\t\t\n\t\t\t\n\n\t<div class=\"img has-hover x md-x lg-x y md-y lg-y\" id=\"image_1146330656\">\n\t\t\t\t\t\t\t\t<div class=\"img-inner dark\" >\n\t\t\t<img loading=\"lazy\" decoding=\"async\" width=\"900\" height=\"839\" src=\"https:\/\/addinformatica.com\/wp-content\/uploads\/2021\/03\/tablet2-1.png\" class=\"attachment-original size-original\" alt=\"\" srcset=\"https:\/\/addinformatica.com\/wp-content\/uploads\/2021\/03\/tablet2-1.png 900w, https:\/\/addinformatica.com\/wp-content\/uploads\/2021\/03\/tablet2-1-300x280.png 300w, https:\/\/addinformatica.com\/wp-content\/uploads\/2021\/03\/tablet2-1-768x716.png 768w\" sizes=\"auto, (max-width: 900px) 100vw, 900px\" \/>\t\t\t\t\t\t\n\t\t\t\t\t<\/div>\n\t\t\t\t\t\t\t\t\n<style>\n#image_1146330656 {\n  width: 90%;\n}\n<\/style>\n\t<\/div>\n\t\n\n\n\t\t<\/div>\n\t\t\t\t\t<\/div>\n\n\t\n\n\t<div id=\"col-1209592860\" class=\"col medium-6 small-12 large-6\"  >\n\t\t\t\t<div class=\"col-inner text-left\"  >\n\t\t\t\n\t\t\t\n\n\t<div class=\"img has-hover logo x md-x lg-x y md-y lg-y\" id=\"image_1153065315\">\n\t\t\t\t\t\t\t\t<div class=\"img-inner dark\" >\n\t\t\t<img loading=\"lazy\" decoding=\"async\" width=\"650\" height=\"260\" src=\"https:\/\/addinformatica.com\/wp-content\/uploads\/2021\/03\/logo-resiplus-tablet-2.png\" class=\"attachment-original size-original\" alt=\"\" srcset=\"https:\/\/addinformatica.com\/wp-content\/uploads\/2021\/03\/logo-resiplus-tablet-2.png 650w, https:\/\/addinformatica.com\/wp-content\/uploads\/2021\/03\/logo-resiplus-tablet-2-300x120.png 300w\" sizes=\"auto, (max-width: 650px) 100vw, 650px\" \/>\t\t\t\t\t\t\n\t\t\t\t\t<\/div>\n\t\t\t\t\t\t\t\t\n<style>\n#image_1153065315 {\n  width: 30%;\n}\n<\/style>\n\t<\/div>\n\t\n\n\t<div id=\"text-3146203593\" class=\"text\">\n\t\t\n\n<p>Resi<b>Plus<\/b><sup>\u00ae<\/sup> Tablet est\u00e0 pensat per al seu \u00fas per part de personal m\u00e8dic i d&#8217;infermeria. Amb aquesta nova aplicaci\u00f3 web, podran connectar-se des de qualsevol dispositiu amb wifi o 3G i utilitzar Resi<b>Plus<\/b><sup>\u00ae<\/sup>&nbsp;durant les visites als seus pacients. Aix\u00f2 els permetr\u00e0 actualitzar, gestionar i controlar la seva tasca i informaci\u00f3 en temps real.<\/p>\n\t\t\n<style>\n#text-3146203593 {\n  color: rgb(0,0,0);\n}\n#text-3146203593 > * {\n  color: rgb(0,0,0);\n}\n<\/style>\n\t<\/div>\n\t\n<a href=\"https:\/\/addinformatica.com\/ca\/resiplus-tablet\/\" class=\"button primary\" style=\"border-radius:99px;\">\n\t\t<span>saber m\u00e9s<\/span>\n\t<\/a>\n\n\n\n\t\t<\/div>\n\t\t\t\t\t<\/div>\n\n\t\n\n\n<style>\n#row-1891444098 > .col > .col-inner {\n  padding: 0px 0px 0px 0px;\n}\n<\/style>\n<\/div>\n\t<div id=\"gap-476727661\" class=\"gap-element clearfix\" style=\"display:block; height:auto;\">\n\t\t\n<style>\n#gap-476727661 {\n  padding-top: 30px;\n}\n<\/style>\n\t<\/div>\n\t\n\n\n\t\t<\/div>\n\n\t\t\n<style>\n#section_1895903661 {\n  padding-top: 30px;\n  padding-bottom: 30px;\n  background-color: rgb(202, 202, 202);\n}\n<\/style>\n\t<\/section>\n\t\n\n\t<section class=\"section complementos-banner has-mask mask-arrow\" id=\"section_1889661853\">\n\t\t<div class=\"section-bg fill\" >\n\t\t\t\t\t\t\t\t\t\n\t\t\t\n\n\t\t<\/div>\n\n\t\t\n\n\t\t<div class=\"section-content relative\">\n\t\t\t\n\n\t<div id=\"gap-1278138964\" class=\"gap-element clearfix\" style=\"display:block; height:auto;\">\n\t\t\n<style>\n#gap-1278138964 {\n  padding-top: 20px;\n}\n<\/style>\n\t<\/div>\n\t\n\n<div class=\"row row-large align-middle\"  id=\"row-1485303700\">\n\n\n\t<div id=\"col-1539518428\" class=\"col medium-6 small-12 large-6\"  >\n\t\t\t\t<div class=\"col-inner\"  >\n\t\t\t\n\t\t\t\n\n\t<div class=\"img has-hover logo x md-x lg-x y md-y lg-y\" id=\"image_635277836\">\n\t\t\t\t\t\t\t\t<div class=\"img-inner dark\" >\n\t\t\t<img loading=\"lazy\" decoding=\"async\" width=\"650\" height=\"260\" src=\"https:\/\/addinformatica.com\/wp-content\/uploads\/2021\/03\/logo-resiplus-reglas-2.png\" class=\"attachment-original size-original\" alt=\"\" srcset=\"https:\/\/addinformatica.com\/wp-content\/uploads\/2021\/03\/logo-resiplus-reglas-2.png 650w, https:\/\/addinformatica.com\/wp-content\/uploads\/2021\/03\/logo-resiplus-reglas-2-300x120.png 300w\" sizes=\"auto, (max-width: 650px) 100vw, 650px\" \/>\t\t\t\t\t\t\n\t\t\t\t\t<\/div>\n\t\t\t\t\t\t\t\t\n<style>\n#image_635277836 {\n  width: 30%;\n}\n<\/style>\n\t<\/div>\n\t\n\n\t<div id=\"text-132497946\" class=\"text\">\n\t\t\n\n<p>Amb aquest complement, Resi<b>Plus<\/b><sup>\u00ae<\/sup> es converteix en el millor aliat enfront de descuits i oblits causats pel factor hum\u00e0. Establiu regles i condicions pel que fa a la cura dels pacients, i assegureu-vos del seu correcte compliment per part de personal sanitari.<\/p>\n\t\t\n<style>\n#text-132497946 {\n  color: rgb(0,0,0);\n}\n#text-132497946 > * {\n  color: rgb(0,0,0);\n}\n<\/style>\n\t<\/div>\n\t\n<a href=\"https:\/\/addinformatica.com\/ca\/resiplus-regles\/\" class=\"button primary btn-hoverblacktransparent\" style=\"border-radius:99px;\">\n\t\t<span>saber m\u00e9s<\/span>\n\t<\/a>\n\n\n\n\t\t<\/div>\n\t\t\t\t\t<\/div>\n\n\t\n\n\t<div id=\"col-1947641621\" class=\"col medium-6 small-12 large-6 small-col-first\"  >\n\t\t\t\t<div class=\"col-inner text-center\"  >\n\t\t\t\n\t\t\t\n\n\t<div class=\"img has-hover x md-x lg-x y md-y lg-y\" id=\"image_1403254977\">\n\t\t\t\t\t\t\t\t<div class=\"img-inner dark\" >\n\t\t\t<img loading=\"lazy\" decoding=\"async\" width=\"735\" height=\"685\" src=\"https:\/\/addinformatica.com\/wp-content\/uploads\/2021\/03\/reglas2-1.png\" class=\"attachment-original size-original\" alt=\"\" srcset=\"https:\/\/addinformatica.com\/wp-content\/uploads\/2021\/03\/reglas2-1.png 735w, https:\/\/addinformatica.com\/wp-content\/uploads\/2021\/03\/reglas2-1-300x280.png 300w\" sizes=\"auto, (max-width: 735px) 100vw, 735px\" \/>\t\t\t\t\t\t\n\t\t\t\t\t<\/div>\n\t\t\t\t\t\t\t\t\n<style>\n#image_1403254977 {\n  width: 90%;\n}\n<\/style>\n\t<\/div>\n\t\n\n\n\t\t<\/div>\n\t\t\t\t\t<\/div>\n\n\t\n\n<\/div>\n\t<div id=\"gap-2126552949\" class=\"gap-element clearfix\" style=\"display:block; height:auto;\">\n\t\t\n<style>\n#gap-2126552949 {\n  padding-top: 30px;\n}\n<\/style>\n\t<\/div>\n\t\n\n\n\t\t<\/div>\n\n\t\t\n<style>\n#section_1889661853 {\n  padding-top: 30px;\n  padding-bottom: 30px;\n  background-color: rgb(235, 235, 235);\n}\n<\/style>\n\t<\/section>\n\t\n\n\t<section class=\"section complementos-banner has-mask mask-arrow\" id=\"section_1715600175\">\n\t\t<div class=\"section-bg fill\" >\n\t\t\t\t\t\t\t\t\t\n\t\t\t\n\n\t\t<\/div>\n\n\t\t\n\n\t\t<div class=\"section-content relative\">\n\t\t\t\n\n\t<div id=\"gap-2037491006\" class=\"gap-element clearfix\" style=\"display:block; height:auto;\">\n\t\t\n<style>\n#gap-2037491006 {\n  padding-top: 20px;\n}\n<\/style>\n\t<\/div>\n\t\n\n<div class=\"row row-large align-middle\"  id=\"row-388302290\">\n\n\n\t<div id=\"col-653204194\" class=\"col medium-6 small-12 large-6\"  >\n\t\t\t\t<div class=\"col-inner text-center\"  >\n\t\t\t\n\t\t\t\n\n\t<div class=\"img has-hover x md-x lg-x y md-y lg-y\" id=\"image_1095647777\">\n\t\t\t\t\t\t\t\t<div class=\"img-inner dark\" >\n\t\t\t<img loading=\"lazy\" decoding=\"async\" width=\"735\" height=\"685\" src=\"https:\/\/addinformatica.com\/wp-content\/uploads\/2021\/03\/SMS2-1.png\" class=\"attachment-original size-original\" alt=\"\" srcset=\"https:\/\/addinformatica.com\/wp-content\/uploads\/2021\/03\/SMS2-1.png 735w, https:\/\/addinformatica.com\/wp-content\/uploads\/2021\/03\/SMS2-1-300x280.png 300w\" sizes=\"auto, (max-width: 735px) 100vw, 735px\" \/>\t\t\t\t\t\t\n\t\t\t\t\t<\/div>\n\t\t\t\t\t\t\t\t\n<style>\n#image_1095647777 {\n  width: 90%;\n}\n<\/style>\n\t<\/div>\n\t\n\n\n\t\t<\/div>\n\t\t\t\t\t<\/div>\n\n\t\n\n\t<div id=\"col-1353736926\" class=\"col medium-6 small-12 large-6\"  >\n\t\t\t\t<div class=\"col-inner\"  >\n\t\t\t\n\t\t\t\n\n\t<div class=\"img has-hover logo x md-x lg-x y md-y lg-y\" id=\"image_519226319\">\n\t\t\t\t\t\t\t\t<div class=\"img-inner dark\" >\n\t\t\t<img loading=\"lazy\" decoding=\"async\" width=\"650\" height=\"260\" src=\"https:\/\/addinformatica.com\/wp-content\/uploads\/2021\/03\/logo-resiplus-sms-2.png\" class=\"attachment-original size-original\" alt=\"\" srcset=\"https:\/\/addinformatica.com\/wp-content\/uploads\/2021\/03\/logo-resiplus-sms-2.png 650w, https:\/\/addinformatica.com\/wp-content\/uploads\/2021\/03\/logo-resiplus-sms-2-300x120.png 300w\" sizes=\"auto, (max-width: 650px) 100vw, 650px\" \/>\t\t\t\t\t\t\n\t\t\t\t\t<\/div>\n\t\t\t\t\t\t\t\t\n<style>\n#image_519226319 {\n  width: 30%;\n}\n<\/style>\n\t<\/div>\n\t\n\n\t<div id=\"text-1231747704\" class=\"text\">\n\t\t\n\n<p>Amb Resi<b>Plus<\/b><sup>\u00ae<\/sup> SMS, en q\u00fcesti\u00f3 de minuts i a un cost redu\u00eft, podr\u00e0 comunicar-se amb centenars de persones utilitzant els contactes introdu\u00efts en Resi<b>Plus<\/b><sup>\u00ae<\/sup>, gr\u00e0cies a que els SMS es reben en qualsevol lloc i en qualsevol moment. No necessitar\u00e0 estar connectat a Internet per estar sempre comunicat.<\/p>\n\t\t\n<style>\n#text-1231747704 {\n  color: rgb(0,0,0);\n}\n#text-1231747704 > * {\n  color: rgb(0,0,0);\n}\n<\/style>\n\t<\/div>\n\t\n<a href=\"https:\/\/addinformatica.com\/ca\/resiplus-sms\/\" class=\"button primary\" style=\"border-radius:99px;\">\n\t\t<span>saber m\u00e9s<\/span>\n\t<\/a>\n\n\n\n\t\t<\/div>\n\t\t\t\t\t<\/div>\n\n\t\n\n<\/div>\n\n\t\t<\/div>\n\n\t\t\n<style>\n#section_1715600175 {\n  padding-top: 30px;\n  padding-bottom: 30px;\n  background-color: rgb(202, 202, 202);\n}\n<\/style>\n\t<\/section>\n\t\n\n\n\n","protected":false},"excerpt":{"rendered":"","protected":false},"author":1,"featured_media":0,"parent":0,"menu_order":0,"comment_status":"closed","ping_status":"closed","template":"page-blank.php","meta":{"_acf_changed":false,"footnotes":""},"class_list":["post-20690","page","type-page","status-publish","hentry"],"acf":[],"yoast_head":"<!-- This site is optimized with the Yoast SEO plugin v27.2 - https:\/\/yoast.com\/product\/yoast-seo-wordpress\/ -->\n<title>Complements - ResiPlus<\/title>\n<meta name=\"robots\" content=\"index, follow, max-snippet:-1, max-image-preview:large, max-video-preview:-1\" \/>\n<link rel=\"canonical\" href=\"https:\/\/addinformatica.com\/ca\/complements\/\" \/>\n<meta property=\"og:locale\" content=\"ca_ES\" \/>\n<meta property=\"og:type\" content=\"article\" \/>\n<meta property=\"og:title\" content=\"Complements - ResiPlus\" \/>\n<meta property=\"og:url\" content=\"https:\/\/addinformatica.com\/ca\/complements\/\" \/>\n<meta property=\"og:site_name\" content=\"ResiPlus\" \/>\n<meta property=\"article:modified_time\" content=\"2025-10-03T08:35:07+00:00\" \/>\n<meta name=\"twitter:card\" content=\"summary_large_image\" \/>\n<meta name=\"twitter:label1\" content=\"Temps estimat de lectura\" \/>\n\t<meta name=\"twitter:data1\" content=\"4 minuts\" \/>\n<script type=\"application\/ld+json\" class=\"yoast-schema-graph\">{\"@context\":\"https:\/\/schema.org\",\"@graph\":[{\"@type\":\"WebPage\",\"@id\":\"https:\/\/addinformatica.com\/ca\/complements\/\",\"url\":\"https:\/\/addinformatica.com\/ca\/complements\/\",\"name\":\"Complements - ResiPlus\",\"isPartOf\":{\"@id\":\"https:\/\/addinformatica.com\/#website\"},\"datePublished\":\"2014-08-08T12:04:35+00:00\",\"dateModified\":\"2025-10-03T08:35:07+00:00\",\"breadcrumb\":{\"@id\":\"https:\/\/addinformatica.com\/ca\/complements\/#breadcrumb\"},\"inLanguage\":\"ca\",\"potentialAction\":[{\"@type\":\"ReadAction\",\"target\":[\"https:\/\/addinformatica.com\/ca\/complements\/\"]}]},{\"@type\":\"BreadcrumbList\",\"@id\":\"https:\/\/addinformatica.com\/ca\/complements\/#breadcrumb\",\"itemListElement\":[{\"@type\":\"ListItem\",\"position\":1,\"name\":\"Portada\",\"item\":\"https:\/\/addinformatica.com\/ca\/\"},{\"@type\":\"ListItem\",\"position\":2,\"name\":\"Complements\"}]},{\"@type\":\"WebSite\",\"@id\":\"https:\/\/addinformatica.com\/#website\",\"url\":\"https:\/\/addinformatica.com\/\",\"name\":\"ResiPlus\",\"description\":\"Software de gesti\u00f3n de residencias, centros de d\u00eda y discapacitados | ResiPlus\",\"potentialAction\":[{\"@type\":\"SearchAction\",\"target\":{\"@type\":\"EntryPoint\",\"urlTemplate\":\"https:\/\/addinformatica.com\/?s={search_term_string}\"},\"query-input\":{\"@type\":\"PropertyValueSpecification\",\"valueRequired\":true,\"valueName\":\"search_term_string\"}}],\"inLanguage\":\"ca\"}]}<\/script>\n<!-- \/ Yoast SEO plugin. -->","yoast_head_json":{"title":"Complements - ResiPlus","robots":{"index":"index","follow":"follow","max-snippet":"max-snippet:-1","max-image-preview":"max-image-preview:large","max-video-preview":"max-video-preview:-1"},"canonical":"https:\/\/addinformatica.com\/ca\/complements\/","og_locale":"ca_ES","og_type":"article","og_title":"Complements - ResiPlus","og_url":"https:\/\/addinformatica.com\/ca\/complements\/","og_site_name":"ResiPlus","article_modified_time":"2025-10-03T08:35:07+00:00","twitter_card":"summary_large_image","twitter_misc":{"Temps estimat de lectura":"4 minuts"},"schema":{"@context":"https:\/\/schema.org","@graph":[{"@type":"WebPage","@id":"https:\/\/addinformatica.com\/ca\/complements\/","url":"https:\/\/addinformatica.com\/ca\/complements\/","name":"Complements - ResiPlus","isPartOf":{"@id":"https:\/\/addinformatica.com\/#website"},"datePublished":"2014-08-08T12:04:35+00:00","dateModified":"2025-10-03T08:35:07+00:00","breadcrumb":{"@id":"https:\/\/addinformatica.com\/ca\/complements\/#breadcrumb"},"inLanguage":"ca","potentialAction":[{"@type":"ReadAction","target":["https:\/\/addinformatica.com\/ca\/complements\/"]}]},{"@type":"BreadcrumbList","@id":"https:\/\/addinformatica.com\/ca\/complements\/#breadcrumb","itemListElement":[{"@type":"ListItem","position":1,"name":"Portada","item":"https:\/\/addinformatica.com\/ca\/"},{"@type":"ListItem","position":2,"name":"Complements"}]},{"@type":"WebSite","@id":"https:\/\/addinformatica.com\/#website","url":"https:\/\/addinformatica.com\/","name":"ResiPlus","description":"Software de gesti\u00f3n de residencias, centros de d\u00eda y discapacitados | ResiPlus","potentialAction":[{"@type":"SearchAction","target":{"@type":"EntryPoint","urlTemplate":"https:\/\/addinformatica.com\/?s={search_term_string}"},"query-input":{"@type":"PropertyValueSpecification","valueRequired":true,"valueName":"search_term_string"}}],"inLanguage":"ca"}]}},"_links":{"self":[{"href":"https:\/\/addinformatica.com\/ca\/wp-json\/wp\/v2\/pages\/20690","targetHints":{"allow":["GET"]}}],"collection":[{"href":"https:\/\/addinformatica.com\/ca\/wp-json\/wp\/v2\/pages"}],"about":[{"href":"https:\/\/addinformatica.com\/ca\/wp-json\/wp\/v2\/types\/page"}],"author":[{"embeddable":true,"href":"https:\/\/addinformatica.com\/ca\/wp-json\/wp\/v2\/users\/1"}],"replies":[{"embeddable":true,"href":"https:\/\/addinformatica.com\/ca\/wp-json\/wp\/v2\/comments?post=20690"}],"version-history":[{"count":0,"href":"https:\/\/addinformatica.com\/ca\/wp-json\/wp\/v2\/pages\/20690\/revisions"}],"wp:attachment":[{"href":"https:\/\/addinformatica.com\/ca\/wp-json\/wp\/v2\/media?parent=20690"}],"curies":[{"name":"wp","href":"https:\/\/api.w.org\/{rel}","templated":true}]}}