{"id":20686,"date":"2013-03-04T18:46:46","date_gmt":"2013-03-04T18:46:46","guid":{"rendered":"https:\/\/resiplus.dagocreativo.com\/suport\/"},"modified":"2021-09-13T06:44:14","modified_gmt":"2021-09-13T06:44:14","slug":"suport","status":"publish","type":"page","link":"https:\/\/addinformatica.com\/ca\/suport\/","title":{"rendered":"Suport"},"content":{"rendered":"\n\n\t<section class=\"section\" id=\"section_1695080782\">\n\t\t<div class=\"section-bg fill\" >\n\t\t\t\t\t\t\t\t\t\n\t\t\t\n\n\t\t<\/div>\n\n\t\t\n\n\t\t<div class=\"section-content relative\">\n\t\t\t\n\n\t<div id=\"gap-473255453\" class=\"gap-element clearfix\" style=\"display:block; height:auto;\">\n\t\t\n<style>\n#gap-473255453 {\n  padding-top: 30px;\n}\n<\/style>\n\t<\/div>\n\t\n\n<div class=\"row desktop\"  id=\"row-2003963844\">\n\n\n\t<div id=\"col-499071215\" class=\"col medium-5 small-12 large-5\"  >\n\t\t\t\t<div class=\"col-inner\"  >\n\t\t\t\n\t\t\t\n\n\t<div id=\"text-4097707213\" class=\"text soporte-text\">\n\t\t\n\n<h2>BENVINGUT AL<br><b>CENTRE DE SUPORT<\/b><\/h2>\n<p>El nostre objectiu \u00e9s oferir-li un servei de qualitat en la resoluci\u00f3 de consultes funcionals de Resi<b>Plus<\/b><sup>\u00ae<\/sup>, aix\u00ed com en la resoluci\u00f3 de q\u00fcestions t\u00e8cniques derivades de la pr\u00f2pia aplicaci\u00f3.<\/p>\n\t\t\n<style>\n#text-4097707213 {\n  color: rgb(0, 0, 0);\n}\n#text-4097707213 > * {\n  color: rgb(0, 0, 0);\n}\n<\/style>\n\t<\/div>\n\t\n<div class=\"row contact-soporte\"  id=\"row-1273792671\">\n\n\n\t<div id=\"col-540968256\" class=\"col small-12 large-12\"  >\n\t\t\t\t<div class=\"col-inner\"  >\n\t\t\t\n\t\t\t\n\n\n\t\t<div class=\"icon-box featured-box phone-soporte icon-box-left text-left\"  style=\"margin:0px 10px 0px 0px;\">\n\t\t\t\t\t<div class=\"icon-box-img\" style=\"width: 28px\">\n\t\t\t\t<div class=\"icon\">\n\t\t\t\t\t<div class=\"icon-inner\" >\n\t\t\t\t\t\t<img loading=\"lazy\" decoding=\"async\" width=\"25\" height=\"25\" src=\"https:\/\/addinformatica.com\/wp-content\/uploads\/2021\/03\/phone-icon.jpg\" class=\"attachment-medium size-medium\" alt=\"\" \/>\t\t\t\t\t<\/div>\n\t\t\t\t<\/div>\n\t\t\t<\/div>\n\t\t\t\t<div class=\"icon-box-text last-reset\">\n\t\t\t<h5 class=\"uppercase\">T. (+34) 961 588 133<\/h5>\t\t\t\t\t\t\n\n\n\t\t<\/div>\n\t<\/div>\n\t\n\t\n\n\t<a class=\"plain\" href=\"mailto:soporte@addinformatica.com\" >\t<div class=\"icon-box featured-box icon-box-left text-left\"  style=\"margin:0px 10px 0px 0px;\">\n\t\t\t\t\t<div class=\"icon-box-img\" style=\"width: 28px\">\n\t\t\t\t<div class=\"icon\">\n\t\t\t\t\t<div class=\"icon-inner\" >\n\t\t\t\t\t\t<img loading=\"lazy\" decoding=\"async\" width=\"26\" height=\"23\" src=\"https:\/\/addinformatica.com\/wp-content\/uploads\/2021\/03\/email-icon.jpg\" class=\"attachment-medium size-medium\" alt=\"\" \/>\t\t\t\t\t<\/div>\n\t\t\t\t<\/div>\n\t\t\t<\/div>\n\t\t\t\t<div class=\"icon-box-text last-reset\">\n\t\t\t<h5 class=\"uppercase\">soporte@addinformatica.com<\/h5>\t\t\t\t\t\t\n\n\n\t\t<\/div>\n\t<\/div>\n\t<\/a>\n\t\n\t<div id=\"text-138526903\" class=\"text horario\">\n\t\t\n\n<p>DILLUNS A DIVENDRES DE 8h. A 20h.<\/p>\n\t\t\t<\/div>\n\t\n\n\t\t<\/div>\n\t\t\t\t\t<\/div>\n\n\t\n\n\n<style>\n#row-1273792671 > .col > .col-inner {\n  padding: 50px 50px 50px 50px;\n  background-color: #000000;\n  border-radius: 20px;\n}\n<\/style>\n<\/div>\n\n\t\t<\/div>\n\t\t\t\t\t<\/div>\n\n\t\n\n\t<div id=\"col-831044308\" class=\"col form-soporte-contacto medium-7 small-12 large-7\"  >\n\t\t\t\t<div class=\"col-inner\"  >\n\t\t\t\n\t\t\t\n\n\n<div class=\"wpcf7 no-js\" id=\"wpcf7-f13774-o1\" lang=\"es-ES\" dir=\"ltr\" data-wpcf7-id=\"13774\">\n<div class=\"screen-reader-response\"><p role=\"status\" aria-live=\"polite\" aria-atomic=\"true\"><\/p> <ul><\/ul><\/div>\n<form action=\"\/ca\/wp-json\/wp\/v2\/pages\/20686#wpcf7-f13774-o1\" method=\"post\" class=\"wpcf7-form init\" aria-label=\"Formulario de contacto\" novalidate=\"novalidate\" data-status=\"init\">\n<fieldset class=\"hidden-fields-container\"><input type=\"hidden\" name=\"_wpcf7\" value=\"13774\" \/><input type=\"hidden\" name=\"_wpcf7_version\" value=\"6.1.5\" \/><input type=\"hidden\" name=\"_wpcf7_locale\" value=\"es_ES\" \/><input type=\"hidden\" name=\"_wpcf7_unit_tag\" value=\"wpcf7-f13774-o1\" \/><input type=\"hidden\" name=\"_wpcf7_container_post\" value=\"0\" \/><input type=\"hidden\" name=\"_wpcf7_posted_data_hash\" value=\"\" \/><input type=\"hidden\" name=\"_wpcf7_recaptcha_response\" value=\"\" \/>\n<\/fieldset>\n<p><span class=\"wpcf7-form-control-wrap\" data-name=\"your-name\"><input size=\"40\" maxlength=\"400\" class=\"wpcf7-form-control wpcf7-text wpcf7-validates-as-required\" aria-required=\"true\" aria-invalid=\"false\" placeholder=\"Nom\" value=\"\" type=\"text\" name=\"your-name\" \/><\/span>\n<\/p>\n<p><span class=\"wpcf7-form-control-wrap\" data-name=\"your-email\"><input size=\"40\" maxlength=\"400\" class=\"wpcf7-form-control wpcf7-email wpcf7-validates-as-required wpcf7-text wpcf7-validates-as-email\" aria-required=\"true\" aria-invalid=\"false\" placeholder=\"Email\" value=\"\" type=\"email\" name=\"your-email\" \/><\/span>\n<\/p>\n<p><span class=\"wpcf7-form-control-wrap\" data-name=\"your-phone\"><input size=\"40\" maxlength=\"400\" class=\"wpcf7-form-control wpcf7-text wpcf7-validates-as-required\" aria-required=\"true\" aria-invalid=\"false\" placeholder=\"Tel\u00e8fon\" value=\"\" type=\"text\" name=\"your-phone\" \/><\/span>\n<\/p>\n<p><span class=\"wpcf7-form-control-wrap\" data-name=\"your-centre\"><input size=\"40\" maxlength=\"400\" class=\"wpcf7-form-control wpcf7-text wpcf7-validates-as-required\" aria-required=\"true\" aria-invalid=\"false\" placeholder=\"Nom del Centre\" value=\"\" type=\"text\" name=\"your-centre\" \/><\/span>\n<\/p>\n<p><span class=\"wpcf7-form-control-wrap\" data-name=\"your-subject\"><input size=\"40\" maxlength=\"400\" class=\"wpcf7-form-control wpcf7-text wpcf7-validates-as-required\" aria-required=\"true\" aria-invalid=\"false\" placeholder=\"Assumpte\" value=\"\" type=\"text\" name=\"your-subject\" \/><\/span>\n<\/p>\n<p><span class=\"wpcf7-form-control-wrap\" data-name=\"your-message\"><textarea cols=\"40\" rows=\"10\" maxlength=\"2000\" class=\"wpcf7-form-control wpcf7-textarea\" aria-invalid=\"false\" placeholder=\"Introdu\u00efu el missatge\" name=\"your-message\"><\/textarea><\/span>\n<\/p>\n<p><span class=\"wpcf7-form-control-wrap\" data-name=\"acceptance-331\"><span class=\"wpcf7-form-control wpcf7-acceptance\"><span class=\"wpcf7-list-item\"><input type=\"checkbox\" name=\"acceptance-331\" value=\"1\" aria-invalid=\"false\" \/><\/span><\/span><\/span><a class=\"privacy-btn\" href=\"https:\/\/addinformatica.com\/ca\/politica-privadesa\" target=\"_blank\">Estic d'acord amb la Pol\u00edtica de Privacitat<\/a>\n<\/p>\n<p><input class=\"wpcf7-form-control wpcf7-submit has-spinner\" type=\"submit\" value=\"ENVIAR\" \/>\n<\/p>\n<p class=\"small-text\">RESPONSABLE DEL TRACTAMENT: Aphelion Soluciones Inform\u00e1ticas S.L | FINALITAT EN EL TRACTAMENT DE LES DADES: Respondre i gestionar les sol\u00b7licituds de les donem ofertes per l'organitzaci\u00f3. | LEGITIMACI\u00d3 EN EL TRACTAMENT DE LES SEVES DADES: Consentiment de l'interessat. | DRETS DELS INTERESSATS: Vost\u00e8 podr\u00e0 exercir els drets sobre protecci\u00f3 de dades per correu electr\u00f2nic a rgpd@addinformatica.com. En qualsevol cas, pot sol\u00b7licitar la tutela de l'Ag\u00e8ncia Espanyola de Protecci\u00f3 de Dades a trav\u00e9s de la seva p\u00e0gina web https:\/\/www.aepd.es\/. Pot consultar m\u00e9s informaci\u00f3 sobre la pol\u00edtica de privacitat <a href=\"https:\/\/addinformatica.com\/ca\/politica-privadesa\" target=\"_blank\"> ac\u00ed<\/a>.\n<\/p><input type='hidden' class='wpcf7-pum' value='{\"closepopup\":false,\"closedelay\":0,\"openpopup\":false,\"openpopup_id\":0}' \/><div class=\"wpcf7-response-output\" aria-hidden=\"true\"><\/div>\n<\/form>\n<\/div>\n\n\n\n\t\t<\/div>\n\t\t\t\t\t<\/div>\n\n\t\n\n<\/div>\n<div class=\"row mobile\"  id=\"row-1014582279\">\n\n\n\t<div id=\"col-656543451\" class=\"col small-12 large-12\"  >\n\t\t\t\t<div class=\"col-inner\"  >\n\t\t\t\n\t\t\t\n\n\t<div id=\"text-658556431\" class=\"text soporte-text\">\n\t\t\n\n<h2>BIENVENIDO AL<br> <b>CENTRO DE SOPORTE<\/b><\/h2><p>Nuestro objetivo es ofrecerle un servicio de calidad en la resoluci\u00f3n de consultas funcionales de Resi<b>Plus<\/b><sup>\u00ae<\/sup>, as\u00ed como en la resoluci\u00f3n de cuestiones t\u00e9cnicas derivadas de la propia aplicaci\u00f3n.<\/p>\n\t\t\n<style>\n#text-658556431 {\n  color: rgb(0, 0, 0);\n}\n#text-658556431 > * {\n  color: rgb(0, 0, 0);\n}\n<\/style>\n\t<\/div>\n\t\n<div class=\"row contact-soporte\"  id=\"row-306817702\">\n\n\n\t<div id=\"col-933086411\" class=\"col small-12 large-12\"  >\n\t\t\t\t<div class=\"col-inner\"  >\n\t\t\t\n\t\t\t\n\n\n\t\t<div class=\"icon-box featured-box icon-box-left text-left\"  style=\"margin:0px 10px 0px 0px;\">\n\t\t\t\t\t<div class=\"icon-box-img\" style=\"width: 28px\">\n\t\t\t\t<div class=\"icon\">\n\t\t\t\t\t<div class=\"icon-inner\" >\n\t\t\t\t\t\t<img loading=\"lazy\" decoding=\"async\" width=\"25\" height=\"25\" src=\"https:\/\/addinformatica.com\/wp-content\/uploads\/2021\/03\/phone-icon.jpg\" class=\"attachment-medium size-medium\" alt=\"\" \/>\t\t\t\t\t<\/div>\n\t\t\t\t<\/div>\n\t\t\t<\/div>\n\t\t\t\t<div class=\"icon-box-text last-reset\">\n\t\t\t<h5 class=\"uppercase\">T. (+34) 961 588 133<\/h5>\t\t\t\t\t\t\n\n\n\t\t<\/div>\n\t<\/div>\n\t\n\t\n\n\t<a class=\"plain\" href=\"mailto:soporte@addinformatica.com\" >\t<div class=\"icon-box featured-box icon-box-left text-left\"  style=\"margin:0px 10px 0px 0px;\">\n\t\t\t\t\t<div class=\"icon-box-img\" style=\"width: 28px\">\n\t\t\t\t<div class=\"icon\">\n\t\t\t\t\t<div class=\"icon-inner\" >\n\t\t\t\t\t\t<img loading=\"lazy\" decoding=\"async\" width=\"26\" height=\"23\" src=\"https:\/\/addinformatica.com\/wp-content\/uploads\/2021\/03\/email-icon.jpg\" class=\"attachment-medium size-medium\" alt=\"\" \/>\t\t\t\t\t<\/div>\n\t\t\t\t<\/div>\n\t\t\t<\/div>\n\t\t\t\t<div class=\"icon-box-text last-reset\">\n\t\t\t<h5 class=\"uppercase\">soporte@addinformatica.com<\/h5>\t\t\t\t\t\t\n\n\n\t\t<\/div>\n\t<\/div>\n\t<\/a>\n\t\n\t<div id=\"text-704571780\" class=\"text horario\">\n\t\t\n\n<p>LUNES A VIERNES DE 8h. A 20h.<\/p>\n\t\t\t<\/div>\n\t\n\n\t\t<\/div>\n\t\t\t\t\t<\/div>\n\n\t\n\n\n<style>\n#row-306817702 > .col > .col-inner {\n  padding: 50px 50px 50px 50px;\n  background-color: #000000;\n  border-radius: 20px;\n}\n<\/style>\n<\/div>\n\n\t\t<\/div>\n\t\t\t\t\t<\/div>\n\n\t\n\n\t<div id=\"col-1874485764\" class=\"col form-soporte-contacto small-12 large-12\"  >\n\t\t\t\t<div class=\"col-inner\"  >\n\t\t\t\n\t\t\t\n\n\n<div class=\"wpcf7 no-js\" id=\"wpcf7-f5-o2\" lang=\"es-ES\" dir=\"ltr\" data-wpcf7-id=\"5\">\n<div class=\"screen-reader-response\"><p role=\"status\" aria-live=\"polite\" aria-atomic=\"true\"><\/p> <ul><\/ul><\/div>\n<form action=\"\/ca\/wp-json\/wp\/v2\/pages\/20686#wpcf7-f5-o2\" method=\"post\" class=\"wpcf7-form init\" aria-label=\"Formulario de contacto\" novalidate=\"novalidate\" data-status=\"init\">\n<fieldset class=\"hidden-fields-container\"><input type=\"hidden\" name=\"_wpcf7\" value=\"5\" \/><input type=\"hidden\" name=\"_wpcf7_version\" value=\"6.1.5\" \/><input type=\"hidden\" name=\"_wpcf7_locale\" value=\"es_ES\" \/><input type=\"hidden\" name=\"_wpcf7_unit_tag\" value=\"wpcf7-f5-o2\" \/><input type=\"hidden\" name=\"_wpcf7_container_post\" value=\"0\" \/><input type=\"hidden\" name=\"_wpcf7_posted_data_hash\" value=\"\" \/><input type=\"hidden\" name=\"_wpcf7_recaptcha_response\" value=\"\" \/>\n<\/fieldset>\n<p><span class=\"wpcf7-form-control-wrap\" data-name=\"your-name\"><input size=\"40\" maxlength=\"400\" class=\"wpcf7-form-control wpcf7-text wpcf7-validates-as-required\" aria-required=\"true\" aria-invalid=\"false\" placeholder=\"Nombre\" value=\"\" type=\"text\" name=\"your-name\" \/><\/span>\n<\/p>\n<p><span class=\"wpcf7-form-control-wrap\" data-name=\"your-email\"><input size=\"40\" maxlength=\"400\" class=\"wpcf7-form-control wpcf7-email wpcf7-validates-as-required wpcf7-text wpcf7-validates-as-email\" aria-required=\"true\" aria-invalid=\"false\" placeholder=\"Email\" value=\"\" type=\"email\" name=\"your-email\" \/><\/span>\n<\/p>\n<p><span class=\"wpcf7-form-control-wrap\" data-name=\"your-phone\"><input size=\"40\" maxlength=\"400\" class=\"wpcf7-form-control wpcf7-text wpcf7-validates-as-required\" aria-required=\"true\" aria-invalid=\"false\" placeholder=\"Tel\u00e9fono\" value=\"\" type=\"text\" name=\"your-phone\" \/><\/span>\n<\/p>\n<p><span class=\"wpcf7-form-control-wrap\" data-name=\"your-center\"><input size=\"40\" maxlength=\"400\" class=\"wpcf7-form-control wpcf7-text wpcf7-validates-as-required\" aria-required=\"true\" aria-invalid=\"false\" placeholder=\"Nombre del Centro\" value=\"\" type=\"text\" name=\"your-center\" \/><\/span>\n<\/p>\n<p><span class=\"wpcf7-form-control-wrap\" data-name=\"your-subject\"><input size=\"40\" maxlength=\"400\" class=\"wpcf7-form-control wpcf7-text wpcf7-validates-as-required\" aria-required=\"true\" aria-invalid=\"false\" placeholder=\"Asunto\" value=\"\" type=\"text\" name=\"your-subject\" \/><\/span>\n<\/p>\n<p><span class=\"wpcf7-form-control-wrap\" data-name=\"your-message\"><textarea cols=\"40\" rows=\"10\" maxlength=\"2000\" class=\"wpcf7-form-control wpcf7-textarea wpcf7-validates-as-required\" aria-required=\"true\" aria-invalid=\"false\" placeholder=\"Escriba su mensaje\" name=\"your-message\"><\/textarea><\/span>\n<\/p>\n<p><span class=\"wpcf7-form-control-wrap\" data-name=\"acceptance-331\"><span class=\"wpcf7-form-control wpcf7-acceptance\"><span class=\"wpcf7-list-item\"><input type=\"checkbox\" name=\"acceptance-331\" value=\"1\" aria-invalid=\"false\" \/><\/span><\/span><\/span><a class=\"privacy-btn\" href=\"https:\/\/addinformatica.com\/politica-privacidad\" target=\"_blank\">Acepto la Pol\u00edtica de Privacidad<\/a>\n<\/p>\n<p><input class=\"wpcf7-form-control wpcf7-submit has-spinner\" type=\"submit\" value=\"ENVIAR\" \/>\n<\/p>\n<p class=\"small-text\">RESPONSABLE DEL TRATAMIENTO: Aphelion Soluciones Inform\u00e1ticas S.L | FINALIDAD EN EL TRATAMIENTO DE LOS DATOS: Asistencia t\u00e9cnica personalidad, resolver dudas y cuestiones. | LEGITIMACI\u00d3N EN EL TRATAMIENTO DE SUS DATOS: Consentimiento del interesado. | DERECHOS DE LOS INTERESADOS: Podr\u00e1 ejercitar sus derechos sobre protecci\u00f3n de datos por correo electr\u00f3nico en rgpd@addinformatica.com. En cualquier caso, puede solicitar la tutela de la Agencia Espa\u00f1ola de Protecci\u00f3n de Datos a trav\u00e9s de su p\u00e1gina web https:\/\/www.aepd.es\/. Puede consultar m\u00e1s informaci\u00f3n acerca de la pol\u00edtica de privacidad <a href=\"https:\/\/addinformatica.com\/politica-privacidad\" target=\"_blank\">aqu\u00ed<\/a>.\n<\/p><input type='hidden' class='wpcf7-pum' value='{\"closepopup\":false,\"closedelay\":0,\"openpopup\":false,\"openpopup_id\":0}' \/><div class=\"wpcf7-response-output\" aria-hidden=\"true\"><\/div>\n<\/form>\n<\/div>\n\n\n\n\t\t<\/div>\n\t\t\t\t\t<\/div>\n\n\t\n\n<\/div>\n\n\t\t<\/div>\n\n\t\t\n<style>\n#section_1695080782 {\n  padding-top: 30px;\n  padding-bottom: 30px;\n  background-color: rgb(222, 222, 222);\n}\n<\/style>\n\t<\/section>\n\t\n\n","protected":false},"excerpt":{"rendered":"","protected":false},"author":1,"featured_media":0,"parent":0,"menu_order":0,"comment_status":"closed","ping_status":"closed","template":"page-blank.php","meta":{"_acf_changed":false,"footnotes":""},"class_list":["post-20686","page","type-page","status-publish","hentry"],"acf":[],"yoast_head":"<!-- This site is optimized with the Yoast SEO plugin v27.2 - https:\/\/yoast.com\/product\/yoast-seo-wordpress\/ -->\n<title>Suport - ResiPlus<\/title>\n<meta name=\"robots\" content=\"index, follow, max-snippet:-1, max-image-preview:large, max-video-preview:-1\" \/>\n<link rel=\"canonical\" href=\"https:\/\/addinformatica.com\/ca\/suport\/\" \/>\n<meta property=\"og:locale\" content=\"ca_ES\" \/>\n<meta property=\"og:type\" content=\"article\" \/>\n<meta property=\"og:title\" content=\"Suport - ResiPlus\" \/>\n<meta property=\"og:url\" content=\"https:\/\/addinformatica.com\/ca\/suport\/\" \/>\n<meta property=\"og:site_name\" content=\"ResiPlus\" \/>\n<meta property=\"article:modified_time\" content=\"2021-09-13T06:44:14+00:00\" \/>\n<meta name=\"twitter:card\" content=\"summary_large_image\" \/>\n<meta name=\"twitter:label1\" content=\"Temps estimat de lectura\" \/>\n\t<meta name=\"twitter:data1\" content=\"1 minut\" \/>\n<script type=\"application\/ld+json\" class=\"yoast-schema-graph\">{\"@context\":\"https:\/\/schema.org\",\"@graph\":[{\"@type\":\"WebPage\",\"@id\":\"https:\/\/addinformatica.com\/ca\/suport\/\",\"url\":\"https:\/\/addinformatica.com\/ca\/suport\/\",\"name\":\"Suport - ResiPlus\",\"isPartOf\":{\"@id\":\"https:\/\/addinformatica.com\/#website\"},\"datePublished\":\"2013-03-04T18:46:46+00:00\",\"dateModified\":\"2021-09-13T06:44:14+00:00\",\"breadcrumb\":{\"@id\":\"https:\/\/addinformatica.com\/ca\/suport\/#breadcrumb\"},\"inLanguage\":\"ca\",\"potentialAction\":[{\"@type\":\"ReadAction\",\"target\":[\"https:\/\/addinformatica.com\/ca\/suport\/\"]}]},{\"@type\":\"BreadcrumbList\",\"@id\":\"https:\/\/addinformatica.com\/ca\/suport\/#breadcrumb\",\"itemListElement\":[{\"@type\":\"ListItem\",\"position\":1,\"name\":\"Portada\",\"item\":\"https:\/\/addinformatica.com\/ca\/\"},{\"@type\":\"ListItem\",\"position\":2,\"name\":\"Suport\"}]},{\"@type\":\"WebSite\",\"@id\":\"https:\/\/addinformatica.com\/#website\",\"url\":\"https:\/\/addinformatica.com\/\",\"name\":\"ResiPlus\",\"description\":\"Software de gesti\u00f3n de residencias, centros de d\u00eda y discapacitados | ResiPlus\",\"potentialAction\":[{\"@type\":\"SearchAction\",\"target\":{\"@type\":\"EntryPoint\",\"urlTemplate\":\"https:\/\/addinformatica.com\/?s={search_term_string}\"},\"query-input\":{\"@type\":\"PropertyValueSpecification\",\"valueRequired\":true,\"valueName\":\"search_term_string\"}}],\"inLanguage\":\"ca\"}]}<\/script>\n<!-- \/ Yoast SEO plugin. -->","yoast_head_json":{"title":"Suport - ResiPlus","robots":{"index":"index","follow":"follow","max-snippet":"max-snippet:-1","max-image-preview":"max-image-preview:large","max-video-preview":"max-video-preview:-1"},"canonical":"https:\/\/addinformatica.com\/ca\/suport\/","og_locale":"ca_ES","og_type":"article","og_title":"Suport - ResiPlus","og_url":"https:\/\/addinformatica.com\/ca\/suport\/","og_site_name":"ResiPlus","article_modified_time":"2021-09-13T06:44:14+00:00","twitter_card":"summary_large_image","twitter_misc":{"Temps estimat de lectura":"1 minut"},"schema":{"@context":"https:\/\/schema.org","@graph":[{"@type":"WebPage","@id":"https:\/\/addinformatica.com\/ca\/suport\/","url":"https:\/\/addinformatica.com\/ca\/suport\/","name":"Suport - ResiPlus","isPartOf":{"@id":"https:\/\/addinformatica.com\/#website"},"datePublished":"2013-03-04T18:46:46+00:00","dateModified":"2021-09-13T06:44:14+00:00","breadcrumb":{"@id":"https:\/\/addinformatica.com\/ca\/suport\/#breadcrumb"},"inLanguage":"ca","potentialAction":[{"@type":"ReadAction","target":["https:\/\/addinformatica.com\/ca\/suport\/"]}]},{"@type":"BreadcrumbList","@id":"https:\/\/addinformatica.com\/ca\/suport\/#breadcrumb","itemListElement":[{"@type":"ListItem","position":1,"name":"Portada","item":"https:\/\/addinformatica.com\/ca\/"},{"@type":"ListItem","position":2,"name":"Suport"}]},{"@type":"WebSite","@id":"https:\/\/addinformatica.com\/#website","url":"https:\/\/addinformatica.com\/","name":"ResiPlus","description":"Software de gesti\u00f3n de residencias, centros de d\u00eda y discapacitados | ResiPlus","potentialAction":[{"@type":"SearchAction","target":{"@type":"EntryPoint","urlTemplate":"https:\/\/addinformatica.com\/?s={search_term_string}"},"query-input":{"@type":"PropertyValueSpecification","valueRequired":true,"valueName":"search_term_string"}}],"inLanguage":"ca"}]}},"_links":{"self":[{"href":"https:\/\/addinformatica.com\/ca\/wp-json\/wp\/v2\/pages\/20686","targetHints":{"allow":["GET"]}}],"collection":[{"href":"https:\/\/addinformatica.com\/ca\/wp-json\/wp\/v2\/pages"}],"about":[{"href":"https:\/\/addinformatica.com\/ca\/wp-json\/wp\/v2\/types\/page"}],"author":[{"embeddable":true,"href":"https:\/\/addinformatica.com\/ca\/wp-json\/wp\/v2\/users\/1"}],"replies":[{"embeddable":true,"href":"https:\/\/addinformatica.com\/ca\/wp-json\/wp\/v2\/comments?post=20686"}],"version-history":[{"count":0,"href":"https:\/\/addinformatica.com\/ca\/wp-json\/wp\/v2\/pages\/20686\/revisions"}],"wp:attachment":[{"href":"https:\/\/addinformatica.com\/ca\/wp-json\/wp\/v2\/media?parent=20686"}],"curies":[{"name":"wp","href":"https:\/\/api.w.org\/{rel}","templated":true}]}}