{"id":20683,"date":"2015-04-28T08:07:58","date_gmt":"2015-04-28T08:07:58","guid":{"rendered":"https:\/\/resiplus.dagocreativo.com\/empresa\/"},"modified":"2026-01-21T09:38:46","modified_gmt":"2026-01-21T09:38:46","slug":"empresa","status":"publish","type":"page","link":"https:\/\/addinformatica.com\/ca\/empresa\/","title":{"rendered":"EMPRESA"},"content":{"rendered":"\n\n\t<section class=\"section\" id=\"section_1512447633\">\n\t\t<div class=\"section-bg fill\" >\n\t\t\t\t\t\t\t\t\t\n\t\t\t\n\n\t\t<\/div>\n\n\t\t\n\n\t\t<div class=\"section-content relative\">\n\t\t\t\n\n<div class=\"row\"  id=\"row-614792616\">\n\n\n\t<div id=\"col-1974120561\" class=\"col small-12 large-12\"  >\n\t\t\t\t<div class=\"col-inner\"  >\n\t\t\t\n\t\t\t\n\n\t<div id=\"text-257265193\" class=\"text\">\n\t\t\n\n<h4><b>EMPRESA<\/b><br \/>DE SOFTWARE DE GESTI\u00d3 INTEGRAL PER A CENTRES SANITARIS<\/h4>\n\t\t\n<style>\n#text-257265193 {\n  line-height: 1.25;\n  text-align: center;\n  color: rgb(0,0,0);\n}\n#text-257265193 > * {\n  color: rgb(0,0,0);\n}\n<\/style>\n\t<\/div>\n\t\n\t<div id=\"gap-1157439655\" class=\"gap-element clearfix\" style=\"display:block; height:auto;\">\n\t\t\n<style>\n#gap-1157439655 {\n  padding-top: 30px;\n}\n<\/style>\n\t<\/div>\n\t\n\n\n\t\t<\/div>\n\t\t\t\t\n<style>\n#col-1974120561 > .col-inner {\n  padding: 30px 0px 0px 0px;\n}\n<\/style>\n\t<\/div>\n\n\t\n\n\n<style>\n#row-614792616 > .col > .col-inner {\n  background-color: rgb(235, 235, 235);\n}\n<\/style>\n<\/div>\n<div class=\"row row-collapse row-solid\"  id=\"row-1841687987\">\n\n\n\t<div id=\"col-1551005804\" class=\"col col-empresa medium-6 small-12 large-6\"  >\n\t\t\t\t<div class=\"col-inner text-center\"  >\n\t\t\t\n\t\t\t\n\n\t<div class=\"img has-hover img-empresa x md-x lg-x y md-y lg-y\" id=\"image_2049356975\">\n\t\t\t\t\t\t\t\t<div class=\"img-inner dark\" >\n\t\t\t<img loading=\"lazy\" decoding=\"async\" width=\"862\" height=\"675\" src=\"https:\/\/addinformatica.com\/wp-content\/uploads\/2021\/03\/1997.png\" class=\"attachment-original size-original\" alt=\"\" srcset=\"https:\/\/addinformatica.com\/wp-content\/uploads\/2021\/03\/1997.png 862w, https:\/\/addinformatica.com\/wp-content\/uploads\/2021\/03\/1997-300x235.png 300w, https:\/\/addinformatica.com\/wp-content\/uploads\/2021\/03\/1997-768x601.png 768w\" sizes=\"auto, (max-width: 862px) 100vw, 862px\" \/>\t\t\t\t\t\t\n\t\t\t\t\t<\/div>\n\t\t\t\t\t\t\t\t\n<style>\n#image_2049356975 {\n  width: 80%;\n}\n<\/style>\n\t<\/div>\n\t\n\n\t<div id=\"text-3899621684\" class=\"text\">\n\t\t\n\n<p>ADD Inform\u00e0tica comen\u00e7a a desenvolupar Resi<strong>Plus<\/strong><sup>\u00ae<\/sup> el 1997 per satisfer les necessitats de gesti\u00f3 administrativa d&#8217;un conjunt de Resid\u00e8ncies Geri\u00e0triques.<\/p>\n\t\t\n<style>\n#text-3899621684 {\n  color: rgb(0, 0, 0);\n}\n#text-3899621684 > * {\n  color: rgb(0, 0, 0);\n}\n<\/style>\n\t<\/div>\n\t\n\n\t\t<\/div>\n\t\t\t\t\t<\/div>\n\n\t\n\n\t<div id=\"col-790860546\" class=\"col col-empresa-right medium-6 small-12 large-6\"  >\n\t\t\t\t<div class=\"col-inner text-center\"  >\n\t\t\t\n\t\t\t\n\n\t<div class=\"img has-hover img-empresa x md-x lg-x y md-y lg-y\" id=\"image_126809833\">\n\t\t\t\t\t\t\t\t<div class=\"img-inner dark\" >\n\t\t\t<img loading=\"lazy\" decoding=\"async\" width=\"862\" height=\"592\" src=\"https:\/\/addinformatica.com\/wp-content\/uploads\/2021\/03\/1999-ok.png\" class=\"attachment-original size-original\" alt=\"\" srcset=\"https:\/\/addinformatica.com\/wp-content\/uploads\/2021\/03\/1999-ok.png 862w, https:\/\/addinformatica.com\/wp-content\/uploads\/2021\/03\/1999-ok-300x206.png 300w, https:\/\/addinformatica.com\/wp-content\/uploads\/2021\/03\/1999-ok-768x527.png 768w\" sizes=\"auto, (max-width: 862px) 100vw, 862px\" \/>\t\t\t\t\t\t\n\t\t\t\t\t<\/div>\n\t\t\t\t\t\t\t\t\n<style>\n#image_126809833 {\n  width: 80%;\n}\n<\/style>\n\t<\/div>\n\t\n\n\t<div id=\"text-2611289481\" class=\"text\">\n\t\t\n\n<p>A partir de 1999 Gerents, Directors i Personal d&#8217;Atenci\u00f3 Directa comencen a considerar la tecnologia com a opci\u00f3 per a la gesti\u00f3 integral dels seus centres. \u00c9s llavors quan ADD Inform\u00e0tica incorpora \u00e0rees de gesti\u00f3 Soci-Sanit\u00e0ries Resi<b>Plus<\/b><sup>\u00ae<\/sup>.<\/p>\n\t\t\n<style>\n#text-2611289481 {\n  color: rgb(0, 0, 0);\n}\n#text-2611289481 > * {\n  color: rgb(0, 0, 0);\n}\n<\/style>\n\t<\/div>\n\t\n\n\t\t<\/div>\n\t\t\t\t\t<\/div>\n\n\t\n\n<\/div>\n<div class=\"row row-collapse row-solid empresa-row-siguientes\"  id=\"row-1889681243\">\n\n\n\t<div id=\"col-1981891852\" class=\"col col-empresa medium-6 small-12 large-6\"  >\n\t\t\t\t<div class=\"col-inner text-center\"  >\n\t\t\t\n\t\t\t\n\n\t<div class=\"img has-hover img-empresa x md-x lg-x y md-y lg-y\" id=\"image_1470688623\">\n\t\t\t\t\t\t\t\t<div class=\"img-inner dark\" >\n\t\t\t<img loading=\"lazy\" decoding=\"async\" width=\"862\" height=\"675\" src=\"https:\/\/addinformatica.com\/wp-content\/uploads\/2021\/03\/2000-2007.png\" class=\"attachment-original size-original\" alt=\"\" srcset=\"https:\/\/addinformatica.com\/wp-content\/uploads\/2021\/03\/2000-2007.png 862w, https:\/\/addinformatica.com\/wp-content\/uploads\/2021\/03\/2000-2007-300x235.png 300w, https:\/\/addinformatica.com\/wp-content\/uploads\/2021\/03\/2000-2007-768x601.png 768w\" sizes=\"auto, (max-width: 862px) 100vw, 862px\" \/>\t\t\t\t\t\t\n\t\t\t\t\t<\/div>\n\t\t\t\t\t\t\t\t\n<style>\n#image_1470688623 {\n  width: 80%;\n}\n<\/style>\n\t<\/div>\n\t\n\n\t<div id=\"text-3018971944\" class=\"text\">\n\t\t\n\n<p>Des de llavors, i fins a 2007, 300 Resid\u00e8ncies P\u00fabliques i Privades del territori Espanyol, van incorporant Resi<strong>Plus<sup>\u00ae<\/sup> <\/strong>a la gesti\u00f3 dels seus centres i se signa un acord amb LARES Federaci\u00f3.<\/p>\n\t\t\n<style>\n#text-3018971944 {\n  color: rgb(0, 0, 0);\n}\n#text-3018971944 > * {\n  color: rgb(0, 0, 0);\n}\n<\/style>\n\t<\/div>\n\t\n\n\t\t<\/div>\n\t\t\t\t\t<\/div>\n\n\t\n\n\t<div id=\"col-1036870730\" class=\"col col-empresa-right medium-6 small-12 large-6\"  >\n\t\t\t\t<div class=\"col-inner text-center\"  >\n\t\t\t\n\t\t\t\n\n\t<div class=\"img has-hover img-empresa x md-x lg-x y md-y lg-y\" id=\"image_1852899722\">\n\t\t\t\t\t\t\t\t<div class=\"img-inner dark\" >\n\t\t\t<img loading=\"lazy\" decoding=\"async\" width=\"862\" height=\"509\" src=\"https:\/\/addinformatica.com\/wp-content\/uploads\/2021\/03\/2008.png\" class=\"attachment-original size-original\" alt=\"\" srcset=\"https:\/\/addinformatica.com\/wp-content\/uploads\/2021\/03\/2008.png 862w, https:\/\/addinformatica.com\/wp-content\/uploads\/2021\/03\/2008-300x177.png 300w, https:\/\/addinformatica.com\/wp-content\/uploads\/2021\/03\/2008-768x453.png 768w\" sizes=\"auto, (max-width: 862px) 100vw, 862px\" \/>\t\t\t\t\t\t\n\t\t\t\t\t<\/div>\n\t\t\t\t\t\t\t\t\n<style>\n#image_1852899722 {\n  width: 80%;\n}\n<\/style>\n\t<\/div>\n\t\n\n\t<div id=\"text-3791381219\" class=\"text\">\n\t\t\n\n<p>El 2008 compta ja amb m\u00e9s de 750 centres i comen\u00e7a la seva internacionalitzaci\u00f3 implantant amb \u00e8xit en Resid\u00e8ncies de Portugal, M\u00e8xic, Xile i Argentina.<\/p>\n\t\t\n<style>\n#text-3791381219 {\n  color: rgb(0, 0, 0);\n}\n#text-3791381219 > * {\n  color: rgb(0, 0, 0);\n}\n<\/style>\n\t<\/div>\n\t\n\n\t\t<\/div>\n\t\t\t\t\t<\/div>\n\n\t\n\n<\/div>\n<div class=\"row row-collapse row-solid empresa-row-siguientes-2\"  id=\"row-563561352\">\n\n\n\t<div id=\"col-902782687\" class=\"col col-empresa medium-6 small-12 large-6\"  >\n\t\t\t\t<div class=\"col-inner text-center\"  >\n\t\t\t\n\t\t\t\n\n\t<div class=\"img has-hover img-empresa x md-x lg-x y md-y lg-y\" id=\"image_2139214658\">\n\t\t\t\t\t\t\t\t<div class=\"img-inner dark\" >\n\t\t\t<img loading=\"lazy\" decoding=\"async\" width=\"862\" height=\"623\" src=\"https:\/\/addinformatica.com\/wp-content\/uploads\/2021\/03\/2021.png\" class=\"attachment-original size-original\" alt=\"\" srcset=\"https:\/\/addinformatica.com\/wp-content\/uploads\/2021\/03\/2021.png 862w, https:\/\/addinformatica.com\/wp-content\/uploads\/2021\/03\/2021-300x217.png 300w, https:\/\/addinformatica.com\/wp-content\/uploads\/2021\/03\/2021-768x555.png 768w\" sizes=\"auto, (max-width: 862px) 100vw, 862px\" \/>\t\t\t\t\t\t\n\t\t\t\t\t<\/div>\n\t\t\t\t\t\t\t\t\n<style>\n#image_2139214658 {\n  width: 80%;\n}\n<\/style>\n\t<\/div>\n\t\n\n\t<div id=\"text-4045736596\" class=\"text\">\n\t\t\n\n<p>El 2021 compt\u00e0vem amb 1940 clients, una plantilla de m\u00e9s de 50 professionals i tamb\u00e9 presents a Col\u00f2mbia, Pol\u00f2nia, Fran\u00e7a i Regne Unit, continuant amb un creixement exponencial i amb l&#8217;expansi\u00f3 internacional.<\/p>\n\t\t\n<style>\n#text-4045736596 {\n  color: rgb(0, 0, 0);\n}\n#text-4045736596 > * {\n  color: rgb(0, 0, 0);\n}\n<\/style>\n\t<\/div>\n\t\n\n\t\t<\/div>\n\t\t\t\t\t<\/div>\n\n\t\n\n\t<div id=\"col-1917388238\" class=\"col col-empresa-right medium-6 small-12 large-6\"  >\n\t\t\t\t<div class=\"col-inner text-center\"  >\n\t\t\t\n\t\t\t\n\n\t<div class=\"img has-hover img-empresa x md-x lg-x y md-y lg-y\" id=\"image_1781182660\">\n\t\t\t\t\t\t\t\t<div class=\"img-inner dark\" >\n\t\t\t<img loading=\"lazy\" decoding=\"async\" width=\"862\" height=\"623\" src=\"https:\/\/addinformatica.com\/wp-content\/uploads\/2021\/03\/ID.png\" class=\"attachment-original size-original\" alt=\"\" srcset=\"https:\/\/addinformatica.com\/wp-content\/uploads\/2021\/03\/ID.png 862w, https:\/\/addinformatica.com\/wp-content\/uploads\/2021\/03\/ID-300x217.png 300w, https:\/\/addinformatica.com\/wp-content\/uploads\/2021\/03\/ID-768x555.png 768w\" sizes=\"auto, (max-width: 862px) 100vw, 862px\" \/>\t\t\t\t\t\t\n\t\t\t\t\t<\/div>\n\t\t\t\t\t\t\t\t\n<style>\n#image_1781182660 {\n  width: 80%;\n}\n<\/style>\n\t<\/div>\n\t\n\n\t<div id=\"text-4104226361\" class=\"text\">\n\t\t\n\n<p>A m\u00e9s, i en coher\u00e8ncia amb el nostre comprom\u00eds amb la R + D, col\u00b7laborem amb la Universitat Polit\u00e8cnica de Val\u00e8ncia amb el principal objectiu de con\u00e8ixer i aplicar les \u00faltimes tecnologies. En aquesta l\u00ednia, i tamb\u00e9 amb l&#8217;objectiu sempre present d&#8217;agilitzar el treball diari dels usuaris, vam ser la 1a empresa espanyola en el sector, en desenvolupar les versions de Resi<strong>Plus<\/strong><sup>\u00ae<\/sup> per a Smartphone i Pantalles T\u00e0ctils.<\/p>\n\t\t\n<style>\n#text-4104226361 {\n  color: rgb(0, 0, 0);\n}\n#text-4104226361 > * {\n  color: rgb(0, 0, 0);\n}\n<\/style>\n\t<\/div>\n\t\n\n\t\t<\/div>\n\t\t\t\t\t<\/div>\n\n\t\n\n<\/div>\n<div class=\"row porque-section\"  id=\"row-1316961085\">\n\n\n\t<div id=\"col-25361746\" class=\"col small-12 large-12\"  >\n\t\t\t\t<div class=\"col-inner text-center\"  >\n\t\t\t\n\t\t\t\n\n\t<div id=\"gap-1346729771\" class=\"gap-element clearfix\" style=\"display:block; height:auto;\">\n\t\t\n<style>\n#gap-1346729771 {\n  padding-top: 50px;\n}\n<\/style>\n\t<\/div>\n\t\n\n\t<div id=\"text-3746323646\" class=\"text\">\n\t\t\n\n<p>Comprom\u00eds, esfor\u00e7, especialitzaci\u00f3 i tenir als nostres clients \/ usuaris com l&#8217;eix sobre el qual gira la nostra empresa ens situa, no nom\u00e9s com a l\u00edders en el sector, sin\u00f3 com la soluci\u00f3 tecnol\u00f2gica de refer\u00e8ncia.<\/p>\n\t\t\n<style>\n#text-3746323646 {\n  color: rgb(0, 0, 0);\n}\n#text-3746323646 > * {\n  color: rgb(0, 0, 0);\n}\n<\/style>\n\t<\/div>\n\t\n\n\t\t<\/div>\n\t\t\t\t\t<\/div>\n\n\t\n\n\t<div id=\"col-2103678445\" class=\"col medium-4 small-12 large-4\"  >\n\t\t\t\t<div class=\"col-inner text-center\"  >\n\t\t\t\n\t\t\t\n\n\t<div class=\"img has-hover x md-x lg-x y md-y lg-y\" id=\"image_1154564445\">\n\t\t\t\t\t\t\t\t<div class=\"img-inner dark\" >\n\t\t\t<img loading=\"lazy\" decoding=\"async\" width=\"862\" height=\"468\" src=\"https:\/\/addinformatica.com\/wp-content\/uploads\/2026\/01\/2950-ca.png\" class=\"attachment-original size-original\" alt=\"\" srcset=\"https:\/\/addinformatica.com\/wp-content\/uploads\/2026\/01\/2950-ca.png 862w, https:\/\/addinformatica.com\/wp-content\/uploads\/2026\/01\/2950-ca-300x163.png 300w, https:\/\/addinformatica.com\/wp-content\/uploads\/2026\/01\/2950-ca-768x417.png 768w\" sizes=\"auto, (max-width: 862px) 100vw, 862px\" \/>\t\t\t\t\t\t\n\t\t\t\t\t<\/div>\n\t\t\t\t\t\t\t\t\n<style>\n#image_1154564445 {\n  width: 100%;\n}\n<\/style>\n\t<\/div>\n\t\n\n\n\t\t<\/div>\n\t\t\t\t\t<\/div>\n\n\t\n\n\t<div id=\"col-1668315933\" class=\"col medium-4 small-12 large-4\"  >\n\t\t\t\t<div class=\"col-inner text-center\"  >\n\t\t\t\n\t\t\t\n\n\t<div class=\"img has-hover x md-x lg-x y md-y lg-y\" id=\"image_1198419185\">\n\t\t\t\t\t\t\t\t<div class=\"img-inner dark\" >\n\t\t\t<img loading=\"lazy\" decoding=\"async\" width=\"862\" height=\"468\" src=\"https:\/\/addinformatica.com\/wp-content\/uploads\/2022\/01\/95-ca.png\" class=\"attachment-original size-original\" alt=\"\" srcset=\"https:\/\/addinformatica.com\/wp-content\/uploads\/2022\/01\/95-ca.png 862w, https:\/\/addinformatica.com\/wp-content\/uploads\/2022\/01\/95-ca-300x163.png 300w, https:\/\/addinformatica.com\/wp-content\/uploads\/2022\/01\/95-ca-768x417.png 768w\" sizes=\"auto, (max-width: 862px) 100vw, 862px\" \/>\t\t\t\t\t\t\n\t\t\t\t\t<\/div>\n\t\t\t\t\t\t\t\t\n<style>\n#image_1198419185 {\n  width: 100%;\n}\n<\/style>\n\t<\/div>\n\t\n\n\n\t\t<\/div>\n\t\t\t\t\t<\/div>\n\n\t\n\n\t<div id=\"col-449290432\" class=\"col medium-4 small-12 large-4\"  >\n\t\t\t\t<div class=\"col-inner text-center\"  >\n\t\t\t\n\t\t\t\n\n\t<div class=\"img has-hover x md-x lg-x y md-y lg-y\" id=\"image_1798958165\">\n\t\t\t\t\t\t\t\t<div class=\"img-inner dark\" >\n\t\t\t<img loading=\"lazy\" decoding=\"async\" width=\"862\" height=\"468\" src=\"https:\/\/addinformatica.com\/wp-content\/uploads\/2026\/01\/36000-ca.png\" class=\"attachment-original size-original\" alt=\"\" srcset=\"https:\/\/addinformatica.com\/wp-content\/uploads\/2026\/01\/36000-ca.png 862w, https:\/\/addinformatica.com\/wp-content\/uploads\/2026\/01\/36000-ca-300x163.png 300w, https:\/\/addinformatica.com\/wp-content\/uploads\/2026\/01\/36000-ca-768x417.png 768w\" sizes=\"auto, (max-width: 862px) 100vw, 862px\" \/>\t\t\t\t\t\t\n\t\t\t\t\t<\/div>\n\t\t\t\t\t\t\t\t\n<style>\n#image_1798958165 {\n  width: 100%;\n}\n<\/style>\n\t<\/div>\n\t\n\n\n\t\t<\/div>\n\t\t\t\t\t<\/div>\n\n\t\n\n\n<style>\n#row-1316961085 > .col > .col-inner {\n  background-color: rgb(235, 235, 235);\n}\n<\/style>\n<\/div>\n\t<div id=\"gap-1709161738\" class=\"gap-element clearfix\" style=\"display:block; height:auto;\">\n\t\t\n<style>\n#gap-1709161738 {\n  padding-top: 50px;\n}\n<\/style>\n\t<\/div>\n\t\n\n\n\t\t<\/div>\n\n\t\t\n<style>\n#section_1512447633 {\n  padding-top: 0px;\n  padding-bottom: 0px;\n  background-color: rgb(235, 235, 235);\n}\n<\/style>\n\t<\/section>\n\t\n\n","protected":false},"excerpt":{"rendered":"","protected":false},"author":1,"featured_media":0,"parent":0,"menu_order":0,"comment_status":"closed","ping_status":"closed","template":"page-blank.php","meta":{"_acf_changed":false,"footnotes":""},"class_list":["post-20683","page","type-page","status-publish","hentry"],"acf":[],"yoast_head":"<!-- This site is optimized with the Yoast SEO plugin v27.2 - https:\/\/yoast.com\/product\/yoast-seo-wordpress\/ -->\n<title>EMPRESA - ResiPlus<\/title>\n<meta name=\"robots\" content=\"index, follow, max-snippet:-1, max-image-preview:large, max-video-preview:-1\" \/>\n<link rel=\"canonical\" href=\"https:\/\/addinformatica.com\/ca\/empresa\/\" \/>\n<meta property=\"og:locale\" content=\"ca_ES\" \/>\n<meta property=\"og:type\" content=\"article\" \/>\n<meta property=\"og:title\" content=\"EMPRESA - ResiPlus\" \/>\n<meta property=\"og:url\" content=\"https:\/\/addinformatica.com\/ca\/empresa\/\" \/>\n<meta property=\"og:site_name\" content=\"ResiPlus\" \/>\n<meta property=\"article:modified_time\" content=\"2026-01-21T09:38:46+00:00\" \/>\n<meta name=\"twitter:card\" content=\"summary_large_image\" \/>\n<meta name=\"twitter:label1\" content=\"Temps estimat de lectura\" \/>\n\t<meta name=\"twitter:data1\" content=\"3 minuts\" \/>\n<script type=\"application\/ld+json\" class=\"yoast-schema-graph\">{\"@context\":\"https:\/\/schema.org\",\"@graph\":[{\"@type\":\"WebPage\",\"@id\":\"https:\/\/addinformatica.com\/ca\/empresa\/\",\"url\":\"https:\/\/addinformatica.com\/ca\/empresa\/\",\"name\":\"EMPRESA - ResiPlus\",\"isPartOf\":{\"@id\":\"https:\/\/addinformatica.com\/#website\"},\"datePublished\":\"2015-04-28T08:07:58+00:00\",\"dateModified\":\"2026-01-21T09:38:46+00:00\",\"breadcrumb\":{\"@id\":\"https:\/\/addinformatica.com\/ca\/empresa\/#breadcrumb\"},\"inLanguage\":\"ca\",\"potentialAction\":[{\"@type\":\"ReadAction\",\"target\":[\"https:\/\/addinformatica.com\/ca\/empresa\/\"]}]},{\"@type\":\"BreadcrumbList\",\"@id\":\"https:\/\/addinformatica.com\/ca\/empresa\/#breadcrumb\",\"itemListElement\":[{\"@type\":\"ListItem\",\"position\":1,\"name\":\"Portada\",\"item\":\"https:\/\/addinformatica.com\/ca\/\"},{\"@type\":\"ListItem\",\"position\":2,\"name\":\"EMPRESA\"}]},{\"@type\":\"WebSite\",\"@id\":\"https:\/\/addinformatica.com\/#website\",\"url\":\"https:\/\/addinformatica.com\/\",\"name\":\"ResiPlus\",\"description\":\"Software de gesti\u00f3n de residencias, centros de d\u00eda y discapacitados | ResiPlus\",\"potentialAction\":[{\"@type\":\"SearchAction\",\"target\":{\"@type\":\"EntryPoint\",\"urlTemplate\":\"https:\/\/addinformatica.com\/?s={search_term_string}\"},\"query-input\":{\"@type\":\"PropertyValueSpecification\",\"valueRequired\":true,\"valueName\":\"search_term_string\"}}],\"inLanguage\":\"ca\"}]}<\/script>\n<!-- \/ Yoast SEO plugin. -->","yoast_head_json":{"title":"EMPRESA - ResiPlus","robots":{"index":"index","follow":"follow","max-snippet":"max-snippet:-1","max-image-preview":"max-image-preview:large","max-video-preview":"max-video-preview:-1"},"canonical":"https:\/\/addinformatica.com\/ca\/empresa\/","og_locale":"ca_ES","og_type":"article","og_title":"EMPRESA - ResiPlus","og_url":"https:\/\/addinformatica.com\/ca\/empresa\/","og_site_name":"ResiPlus","article_modified_time":"2026-01-21T09:38:46+00:00","twitter_card":"summary_large_image","twitter_misc":{"Temps estimat de lectura":"3 minuts"},"schema":{"@context":"https:\/\/schema.org","@graph":[{"@type":"WebPage","@id":"https:\/\/addinformatica.com\/ca\/empresa\/","url":"https:\/\/addinformatica.com\/ca\/empresa\/","name":"EMPRESA - ResiPlus","isPartOf":{"@id":"https:\/\/addinformatica.com\/#website"},"datePublished":"2015-04-28T08:07:58+00:00","dateModified":"2026-01-21T09:38:46+00:00","breadcrumb":{"@id":"https:\/\/addinformatica.com\/ca\/empresa\/#breadcrumb"},"inLanguage":"ca","potentialAction":[{"@type":"ReadAction","target":["https:\/\/addinformatica.com\/ca\/empresa\/"]}]},{"@type":"BreadcrumbList","@id":"https:\/\/addinformatica.com\/ca\/empresa\/#breadcrumb","itemListElement":[{"@type":"ListItem","position":1,"name":"Portada","item":"https:\/\/addinformatica.com\/ca\/"},{"@type":"ListItem","position":2,"name":"EMPRESA"}]},{"@type":"WebSite","@id":"https:\/\/addinformatica.com\/#website","url":"https:\/\/addinformatica.com\/","name":"ResiPlus","description":"Software de gesti\u00f3n de residencias, centros de d\u00eda y discapacitados | ResiPlus","potentialAction":[{"@type":"SearchAction","target":{"@type":"EntryPoint","urlTemplate":"https:\/\/addinformatica.com\/?s={search_term_string}"},"query-input":{"@type":"PropertyValueSpecification","valueRequired":true,"valueName":"search_term_string"}}],"inLanguage":"ca"}]}},"_links":{"self":[{"href":"https:\/\/addinformatica.com\/ca\/wp-json\/wp\/v2\/pages\/20683","targetHints":{"allow":["GET"]}}],"collection":[{"href":"https:\/\/addinformatica.com\/ca\/wp-json\/wp\/v2\/pages"}],"about":[{"href":"https:\/\/addinformatica.com\/ca\/wp-json\/wp\/v2\/types\/page"}],"author":[{"embeddable":true,"href":"https:\/\/addinformatica.com\/ca\/wp-json\/wp\/v2\/users\/1"}],"replies":[{"embeddable":true,"href":"https:\/\/addinformatica.com\/ca\/wp-json\/wp\/v2\/comments?post=20683"}],"version-history":[{"count":2,"href":"https:\/\/addinformatica.com\/ca\/wp-json\/wp\/v2\/pages\/20683\/revisions"}],"predecessor-version":[{"id":58964,"href":"https:\/\/addinformatica.com\/ca\/wp-json\/wp\/v2\/pages\/20683\/revisions\/58964"}],"wp:attachment":[{"href":"https:\/\/addinformatica.com\/ca\/wp-json\/wp\/v2\/media?parent=20683"}],"curies":[{"name":"wp","href":"https:\/\/api.w.org\/{rel}","templated":true}]}}